{"id":13799,"date":"2020-11-10T20:22:43","date_gmt":"2020-11-10T20:22:43","guid":{"rendered":"https:\/\/hallite.com\/?page_id=13799"},"modified":"2021-10-29T14:01:01","modified_gmt":"2021-10-29T13:01:01","slug":"materiais","status":"publish","type":"page","link":"https:\/\/hallite.com\/br\/materiais\/","title":{"rendered":"Materiais"},"content":{"rendered":"<h3>Experi\u00eancia de material<\/h3>\n<p>Fabricados em v\u00e1rios formatos e tamanhos, as veda\u00e7\u00f5es s\u00e3o componentes essenciais encontrados em todas as principais aplica\u00e7\u00f5es industriais e equipamentos relacionados. Executando uma s\u00e9rie de fun\u00e7\u00f5es, como absor\u00e7\u00e3o de energia e choque, separa\u00e7\u00e3o de fluido, conten\u00e7\u00e3o de press\u00e3o e raspagem, as veda\u00e7\u00f5es garantem que as aplica\u00e7\u00f5es operem de maneira adequada por meio da sele\u00e7\u00e3o correta do material e perfil.<\/p>\n<p>Com um extenso hist\u00f3rico de inova\u00e7\u00e3o de produtos e desenvolvimento de materiais, nossa equipe entende como a sele\u00e7\u00e3o de materiais \u00e9 cr\u00edtica para o desempenho da veda\u00e7\u00e3o.<\/p>\n<h3>Selecionando o material certo<\/h3>\n<p>A combina\u00e7\u00e3o certa de materiais \u00e9 um fator cr\u00edtico que pode significar a diferen\u00e7a entre sucesso e falha quando uma veda\u00e7\u00e3o \u00e9 instalada em uma determinada aplica\u00e7\u00e3o.<\/p>\n<p>Nossos engenheiros e cientistas de materiais tamb\u00e9m podem trabalhar com voc\u00ea para determinar o melhor material a ser usado em sua aplica\u00e7\u00e3o.<\/p>\n<h3>Teste<\/h3>\n<p>Nossa linha completa de produtos e componentes de veda\u00e7\u00e3o \u00e9 complementada por um suporte t\u00e9cnico oferecido nas \u00e1reas de sele\u00e7\u00e3o e desenvolvimento de materiais, bem como compostos personalizados que podem ser ajustados para atender \u00e0s suas necessidades espec\u00edficas.<\/p>\n<p>Nossa equipe de especialistas e engenharos avalia regularmente a compatibilidade de materiais e cen\u00e1rios de desempenho para oferecer a solu\u00e7\u00e3o de veda\u00e7\u00e3o ideal.<\/p>\n<p>Como parte dessa base de conhecimento, nossa biblioteca de materiais interna cont\u00e9m dados atuais e hist\u00f3ricos sobre misturas e formula\u00e7\u00f5es personalizadas que documentam caracter\u00edsticas de desempenho distintas para toda a gama de produtos de veda\u00e7\u00e3o que oferecemos em todo o mundo.<\/p>\n<p>Descubra mais sobre nossos testes <a href=\"https:\/\/hallite.com\/expertise\/product-testing\/testing-lab\/\">aqui<\/a>.<\/p>\n<table>\n<tbody>\n<tr>\n<th colspan=\"2\">Materiais<\/th>\n<\/tr>\n<tr>\n<td>Materiais Hallite<\/td>\n<td>PTFE Armorlene\u00ae<br \/>\nPU Hythane\u00ae<br \/>\nMateriais especiais da Hallite (TPE)<br \/>\nBorracha refor\u00e7ada com tecido Hallprene\u00ae<\/td>\n<\/tr>\n<tr>\n<td>Elast\u00f4meros<\/td>\n<td>NBR &#8211; Borracha nitr\u00edlica<br \/>\nTPE &#8211; Elast\u00f4mero termopl\u00e1stico de poli\u00e9ster<br \/>\nTPU &#8211; Elast\u00f4mero termopl\u00e1stico de poliuretano &#8211; Hythane\u00ae<br \/>\nXNBR &#8211; Elast\u00f4mero nitr\u00edlico carboxilada<br \/>\nHNBR &#8211; Elast\u00f4mero nitr\u00edlico hidrogenada<br \/>\nFKM &#8211; Elast\u00f4mero de fluoroelast\u00f4mero &#8211; Viton\u00ae, Fluorel\u00ae<br \/>\nFFKM &#8211; Elast\u00f4mero de perfluoroelast\u00f4mero<br \/>\nFEPM &#8211; Elast\u00f4mero de fluorelast\u00f4mero &#8211; Aflas\u00ae<br \/>\nFVMQ &#8211; Elast\u00f4mero de fluorosilicone<br \/>\nEPM &#8211; Elast\u00f4mero de etileno propileno<br \/>\nEPDM &#8211; Elast\u00f4mero etileno propileno dieno<br \/>\n<\/tr>\n<tr>\n<td>Pl\u00e1sticos<\/td>\n<td>Resina de poli\u00e9ster termofixa refor\u00e7ada<br \/>\nPF &#8211; Fen\u00f3licos<br \/>\nPTFE e PTFE com carga &#8211; Politetrafluoroetileno &#8211; Armorlene\u00ae<br \/>\nNylon PA e nylon preenchido &#8211; Poliamidas<br \/>\nPEEK &#8211; Poli\u00e9ter \u00e9ter cetona e materiais semelhantes &#8211; Victrex\u00ae<br \/>\nUHMWPE &#8211; Polietileno de ultra-alto peso molecular<br \/>\nPOM &#8211; Polioximetileno &#8211; Acetal, Delrin\u00ae<br \/>\nPPS &#8211; Polifenileno sulfeto &#8211; Ryton\u00ae<br \/>\n<\/tr>\n<tr>\n<td>Comp\u00f3sitos<\/td>\n<td>Patente SinterMesh \u2122<br \/>\nCompostos XPC \u2122<br \/>\nComp\u00f3sitos de fibra de carbono<br \/>\nNanocomp\u00f3sitos<br \/>\nTecidos revestidos com elast\u00f4mero<br \/>\nPe\u00e7as de pl\u00e1stico com ades\u00e3o em metal<br \/>\nPe\u00e7as de pl\u00e1stico com borracha<br \/>\nPe\u00e7as de borracha com ades\u00e3o em metal<br \/>\nPe\u00e7as de borracha com ades\u00e3o em borracha<\/td>\n<\/tr>\n<\/tbody>\n<\/table>\n<p>&nbsp;<\/p>\n","protected":false},"excerpt":{"rendered":"<p>Experi\u00eancia de material Fabricados em v\u00e1rios formatos e tamanhos, as veda\u00e7\u00f5es s\u00e3o componentes essenciais encontrados em todas as principais aplica\u00e7\u00f5es industriais e equipamentos relacionados. Executando uma s\u00e9rie de fun\u00e7\u00f5es, como absor\u00e7\u00e3o de energia e choque, separa\u00e7\u00e3o de fluido, conten\u00e7\u00e3o de press\u00e3o e raspagem, as veda\u00e7\u00f5es garantem que as aplica\u00e7\u00f5es operem de maneira adequada por meio&#8230;<\/p>\n","protected":false},"author":28,"featured_media":0,"parent":0,"menu_order":0,"comment_status":"closed","ping_status":"closed","template":"template-materials.php","meta":{"_acf_changed":false,"content-type":"","footnotes":""},"class_list":["post-13799","page","type-page","status-publish","hentry"],"acf":[],"yoast_head":"<!-- This site is optimized with the Yoast SEO plugin v24.7 - https:\/\/yoast.com\/wordpress\/plugins\/seo\/ -->\n<title>Materiais - Hallite<\/title>\n<meta name=\"description\" content=\"Com um hist\u00f3rico de inova\u00e7\u00e3o de produtos e desenvolvimento de materiais, n\u00f3s entendemos como a sele\u00e7\u00e3o de materiais \u00e9 cr\u00edtica para o desempenho da veda\u00e7\u00e3o.\" \/>\n<meta name=\"robots\" content=\"index, follow, max-snippet:-1, max-image-preview:large, max-video-preview:-1\" \/>\n<link rel=\"canonical\" href=\"https:\/\/hallite.com\/br\/materiais\/\" \/>\n<meta property=\"og:locale\" content=\"pt_BR\" \/>\n<meta property=\"og:type\" content=\"article\" \/>\n<meta property=\"og:title\" content=\"Materiais - Hallite\" \/>\n<meta property=\"og:description\" content=\"Com um hist\u00f3rico de inova\u00e7\u00e3o de produtos e desenvolvimento de materiais, n\u00f3s entendemos como a sele\u00e7\u00e3o de materiais \u00e9 cr\u00edtica para o desempenho da veda\u00e7\u00e3o.\" \/>\n<meta property=\"og:url\" content=\"https:\/\/hallite.com\/br\/materiais\/\" \/>\n<meta property=\"og:site_name\" content=\"Hallite\" \/>\n<meta property=\"article:publisher\" content=\"https:\/\/www.facebook.com\/HalliteSealsInternational\" \/>\n<meta property=\"article:modified_time\" content=\"2021-10-29T13:01:01+00:00\" \/>\n<meta property=\"og:image\" content=\"https:\/\/hallite.com\/wp-content\/uploads\/2017\/02\/open-graph.png\" \/>\n\t<meta property=\"og:image:width\" content=\"1200\" \/>\n\t<meta property=\"og:image:height\" content=\"1200\" \/>\n\t<meta property=\"og:image:type\" content=\"image\/png\" \/>\n<meta name=\"twitter:card\" content=\"summary_large_image\" \/>\n<meta name=\"twitter:site\" content=\"@HalliteSeals\" \/>\n<meta name=\"twitter:label1\" content=\"Est. reading time\" \/>\n\t<meta name=\"twitter:data1\" content=\"3 minutes\" \/>\n<script type=\"application\/ld+json\" class=\"yoast-schema-graph\">{\"@context\":\"https:\/\/schema.org\",\"@graph\":[{\"@type\":\"WebPage\",\"@id\":\"https:\/\/hallite.com\/br\/materiais\/\",\"url\":\"https:\/\/hallite.com\/br\/materiais\/\",\"name\":\"Materiais - Hallite\",\"isPartOf\":{\"@id\":\"https:\/\/hallite.com\/us\/#website\"},\"datePublished\":\"2020-11-10T20:22:43+00:00\",\"dateModified\":\"2021-10-29T13:01:01+00:00\",\"description\":\"Com um hist\u00f3rico de inova\u00e7\u00e3o de produtos e desenvolvimento de materiais, n\u00f3s entendemos como a sele\u00e7\u00e3o de materiais \u00e9 cr\u00edtica para o desempenho da veda\u00e7\u00e3o.\",\"breadcrumb\":{\"@id\":\"https:\/\/hallite.com\/br\/materiais\/#breadcrumb\"},\"inLanguage\":\"pt-BR\",\"potentialAction\":[{\"@type\":\"ReadAction\",\"target\":[\"https:\/\/hallite.com\/br\/materiais\/\"]}]},{\"@type\":\"BreadcrumbList\",\"@id\":\"https:\/\/hallite.com\/br\/materiais\/#breadcrumb\",\"itemListElement\":[{\"@type\":\"ListItem\",\"position\":1,\"name\":\"Home\",\"item\":\"https:\/\/hallite.com\/br\/\"},{\"@type\":\"ListItem\",\"position\":2,\"name\":\"Materiais\"}]},{\"@type\":\"WebSite\",\"@id\":\"https:\/\/hallite.com\/us\/#website\",\"url\":\"https:\/\/hallite.com\/us\/\",\"name\":\"Hallite\",\"description\":\"\",\"potentialAction\":[{\"@type\":\"SearchAction\",\"target\":{\"@type\":\"EntryPoint\",\"urlTemplate\":\"https:\/\/hallite.com\/us\/?s={search_term_string}\"},\"query-input\":{\"@type\":\"PropertyValueSpecification\",\"valueRequired\":true,\"valueName\":\"search_term_string\"}}],\"inLanguage\":\"pt-BR\"}]}<\/script>\n<!-- \/ Yoast SEO plugin. -->","yoast_head_json":{"title":"Materiais - Hallite","description":"Com um hist\u00f3rico de inova\u00e7\u00e3o de produtos e desenvolvimento de materiais, n\u00f3s entendemos como a sele\u00e7\u00e3o de materiais \u00e9 cr\u00edtica para o desempenho da veda\u00e7\u00e3o.","robots":{"index":"index","follow":"follow","max-snippet":"max-snippet:-1","max-image-preview":"max-image-preview:large","max-video-preview":"max-video-preview:-1"},"canonical":"https:\/\/hallite.com\/br\/materiais\/","og_locale":"pt_BR","og_type":"article","og_title":"Materiais - Hallite","og_description":"Com um hist\u00f3rico de inova\u00e7\u00e3o de produtos e desenvolvimento de materiais, n\u00f3s entendemos como a sele\u00e7\u00e3o de materiais \u00e9 cr\u00edtica para o desempenho da veda\u00e7\u00e3o.","og_url":"https:\/\/hallite.com\/br\/materiais\/","og_site_name":"Hallite","article_publisher":"https:\/\/www.facebook.com\/HalliteSealsInternational","article_modified_time":"2021-10-29T13:01:01+00:00","og_image":[{"width":1200,"height":1200,"url":"https:\/\/hallite.com\/wp-content\/uploads\/2017\/02\/open-graph.png","type":"image\/png"}],"twitter_card":"summary_large_image","twitter_site":"@HalliteSeals","twitter_misc":{"Est. reading time":"3 minutes"},"schema":{"@context":"https:\/\/schema.org","@graph":[{"@type":"WebPage","@id":"https:\/\/hallite.com\/br\/materiais\/","url":"https:\/\/hallite.com\/br\/materiais\/","name":"Materiais - Hallite","isPartOf":{"@id":"https:\/\/hallite.com\/us\/#website"},"datePublished":"2020-11-10T20:22:43+00:00","dateModified":"2021-10-29T13:01:01+00:00","description":"Com um hist\u00f3rico de inova\u00e7\u00e3o de produtos e desenvolvimento de materiais, n\u00f3s entendemos como a sele\u00e7\u00e3o de materiais \u00e9 cr\u00edtica para o desempenho da veda\u00e7\u00e3o.","breadcrumb":{"@id":"https:\/\/hallite.com\/br\/materiais\/#breadcrumb"},"inLanguage":"pt-BR","potentialAction":[{"@type":"ReadAction","target":["https:\/\/hallite.com\/br\/materiais\/"]}]},{"@type":"BreadcrumbList","@id":"https:\/\/hallite.com\/br\/materiais\/#breadcrumb","itemListElement":[{"@type":"ListItem","position":1,"name":"Home","item":"https:\/\/hallite.com\/br\/"},{"@type":"ListItem","position":2,"name":"Materiais"}]},{"@type":"WebSite","@id":"https:\/\/hallite.com\/us\/#website","url":"https:\/\/hallite.com\/us\/","name":"Hallite","description":"","potentialAction":[{"@type":"SearchAction","target":{"@type":"EntryPoint","urlTemplate":"https:\/\/hallite.com\/us\/?s={search_term_string}"},"query-input":{"@type":"PropertyValueSpecification","valueRequired":true,"valueName":"search_term_string"}}],"inLanguage":"pt-BR"}]}},"_links":{"self":[{"href":"https:\/\/hallite.com\/br\/wp-json\/wp\/v2\/pages\/13799","targetHints":{"allow":["GET"]}}],"collection":[{"href":"https:\/\/hallite.com\/br\/wp-json\/wp\/v2\/pages"}],"about":[{"href":"https:\/\/hallite.com\/br\/wp-json\/wp\/v2\/types\/page"}],"author":[{"embeddable":true,"href":"https:\/\/hallite.com\/br\/wp-json\/wp\/v2\/users\/28"}],"replies":[{"embeddable":true,"href":"https:\/\/hallite.com\/br\/wp-json\/wp\/v2\/comments?post=13799"}],"version-history":[{"count":3,"href":"https:\/\/hallite.com\/br\/wp-json\/wp\/v2\/pages\/13799\/revisions"}],"predecessor-version":[{"id":16420,"href":"https:\/\/hallite.com\/br\/wp-json\/wp\/v2\/pages\/13799\/revisions\/16420"}],"wp:attachment":[{"href":"https:\/\/hallite.com\/br\/wp-json\/wp\/v2\/media?parent=13799"}],"curies":[{"name":"wp","href":"https:\/\/api.w.org\/{rel}","templated":true}]}}