{"id":3524,"date":"2016-10-18T12:20:38","date_gmt":"2016-10-18T12:20:38","guid":{"rendered":"https:\/\/hallite.com\/expertise\/"},"modified":"2021-10-28T11:10:29","modified_gmt":"2021-10-28T10:10:29","slug":"experiencia","status":"publish","type":"page","link":"https:\/\/hallite.com\/br\/experiencia\/","title":{"rendered":"Experi\u00eancia"},"content":{"rendered":"<p>Nossa capacidade de gerenciar perfeitamente o estoque nos permite servir como fornecedores com resposta r\u00e1pida para atender \u00e0s suas solicita\u00e7\u00f5es mais urgentes.<\/p>\n<p>Com mais de 105.000 produtos dispon\u00edveis nos tamanhos padr\u00e3o e m\u00e9trico, temos um portf\u00f3lio de solu\u00e7\u00f5es de veda\u00e7\u00e3o dispon\u00edveis no mercado, bem como aquelas que podem ser personalizadas para sua aplica\u00e7\u00e3o espec\u00edfica.<\/p>\n","protected":false},"excerpt":{"rendered":"<p>Nossa capacidade de gerenciar perfeitamente o estoque nos permite servir como fornecedores com resposta r\u00e1pida para atender \u00e0s suas solicita\u00e7\u00f5es mais urgentes. Com mais de 105.000 produtos dispon\u00edveis nos tamanhos padr\u00e3o e m\u00e9trico, temos um portf\u00f3lio de solu\u00e7\u00f5es de veda\u00e7\u00e3o dispon\u00edveis no mercado, bem como aquelas que podem ser personalizadas para sua aplica\u00e7\u00e3o espec\u00edfica.<\/p>\n","protected":false},"author":2,"featured_media":0,"parent":0,"menu_order":0,"comment_status":"closed","ping_status":"closed","template":"template-expertise.php","meta":{"_acf_changed":false,"content-type":"","footnotes":""},"class_list":["post-3524","page","type-page","status-publish","hentry"],"acf":[],"yoast_head":"<!-- This site is optimized with the Yoast SEO plugin v24.7 - https:\/\/yoast.com\/wordpress\/plugins\/seo\/ -->\n<title>Fabricante de veda\u00e7\u00f5es industriais - ISO 9001 - Hallite<\/title>\n<meta name=\"description\" content=\"Por mais de 110 anos, a Hallite Seals tem sido um fornecedor l\u00edder e pioneiro em tecnologias inovadoras de veda\u00e7\u00e3o e solu\u00e7\u00f5es de veda\u00e7\u00e3o de engenharia.\" \/>\n<meta name=\"robots\" content=\"index, follow, max-snippet:-1, max-image-preview:large, max-video-preview:-1\" \/>\n<link rel=\"canonical\" href=\"https:\/\/hallite.com\/expertise\/\" \/>\n<meta property=\"og:locale\" content=\"pt_BR\" \/>\n<meta property=\"og:type\" content=\"article\" \/>\n<meta property=\"og:title\" content=\"Fabricante de veda\u00e7\u00f5es industriais - ISO 9001 - Hallite\" \/>\n<meta property=\"og:description\" content=\"Por mais de 110 anos, a Hallite Seals tem sido um fornecedor l\u00edder e pioneiro em tecnologias inovadoras de veda\u00e7\u00e3o e solu\u00e7\u00f5es de veda\u00e7\u00e3o de engenharia.\" \/>\n<meta property=\"og:url\" content=\"https:\/\/hallite.com\/expertise\/\" \/>\n<meta property=\"og:site_name\" content=\"Hallite\" \/>\n<meta property=\"article:publisher\" content=\"https:\/\/www.facebook.com\/HalliteSealsInternational\" \/>\n<meta property=\"article:modified_time\" content=\"2021-10-28T10:10:29+00:00\" \/>\n<meta property=\"og:image\" content=\"https:\/\/hallite.com\/wp-content\/uploads\/2017\/02\/open-graph.png\" \/>\n\t<meta property=\"og:image:width\" content=\"1200\" \/>\n\t<meta property=\"og:image:height\" content=\"1200\" \/>\n\t<meta property=\"og:image:type\" content=\"image\/png\" \/>\n<meta name=\"twitter:card\" content=\"summary_large_image\" \/>\n<meta name=\"twitter:site\" content=\"@HalliteSeals\" \/>\n<script type=\"application\/ld+json\" class=\"yoast-schema-graph\">{\"@context\":\"https:\/\/schema.org\",\"@graph\":[{\"@type\":\"WebPage\",\"@id\":\"https:\/\/hallite.com\/expertise\/\",\"url\":\"https:\/\/hallite.com\/expertise\/\",\"name\":\"Fabricante de veda\u00e7\u00f5es industriais - ISO 9001 - Hallite\",\"isPartOf\":{\"@id\":\"https:\/\/hallite.com\/us\/#website\"},\"datePublished\":\"2016-10-18T12:20:38+00:00\",\"dateModified\":\"2021-10-28T10:10:29+00:00\",\"description\":\"Por mais de 110 anos, a Hallite Seals tem sido um fornecedor l\u00edder e pioneiro em tecnologias inovadoras de veda\u00e7\u00e3o e solu\u00e7\u00f5es de veda\u00e7\u00e3o de engenharia.\",\"breadcrumb\":{\"@id\":\"https:\/\/hallite.com\/expertise\/#breadcrumb\"},\"inLanguage\":\"pt-BR\",\"potentialAction\":[{\"@type\":\"ReadAction\",\"target\":[\"https:\/\/hallite.com\/expertise\/\"]}]},{\"@type\":\"BreadcrumbList\",\"@id\":\"https:\/\/hallite.com\/expertise\/#breadcrumb\",\"itemListElement\":[{\"@type\":\"ListItem\",\"position\":1,\"name\":\"Home\",\"item\":\"https:\/\/hallite.com\/br\/\"},{\"@type\":\"ListItem\",\"position\":2,\"name\":\"Experi\u00eancia\"}]},{\"@type\":\"WebSite\",\"@id\":\"https:\/\/hallite.com\/us\/#website\",\"url\":\"https:\/\/hallite.com\/us\/\",\"name\":\"Hallite\",\"description\":\"\",\"potentialAction\":[{\"@type\":\"SearchAction\",\"target\":{\"@type\":\"EntryPoint\",\"urlTemplate\":\"https:\/\/hallite.com\/us\/?s={search_term_string}\"},\"query-input\":{\"@type\":\"PropertyValueSpecification\",\"valueRequired\":true,\"valueName\":\"search_term_string\"}}],\"inLanguage\":\"pt-BR\"}]}<\/script>\n<!-- \/ Yoast SEO plugin. -->","yoast_head_json":{"title":"Fabricante de veda\u00e7\u00f5es industriais - ISO 9001 - Hallite","description":"Por mais de 110 anos, a Hallite Seals tem sido um fornecedor l\u00edder e pioneiro em tecnologias inovadoras de veda\u00e7\u00e3o e solu\u00e7\u00f5es de veda\u00e7\u00e3o de engenharia.","robots":{"index":"index","follow":"follow","max-snippet":"max-snippet:-1","max-image-preview":"max-image-preview:large","max-video-preview":"max-video-preview:-1"},"canonical":"https:\/\/hallite.com\/expertise\/","og_locale":"pt_BR","og_type":"article","og_title":"Fabricante de veda\u00e7\u00f5es industriais - ISO 9001 - Hallite","og_description":"Por mais de 110 anos, a Hallite Seals tem sido um fornecedor l\u00edder e pioneiro em tecnologias inovadoras de veda\u00e7\u00e3o e solu\u00e7\u00f5es de veda\u00e7\u00e3o de engenharia.","og_url":"https:\/\/hallite.com\/expertise\/","og_site_name":"Hallite","article_publisher":"https:\/\/www.facebook.com\/HalliteSealsInternational","article_modified_time":"2021-10-28T10:10:29+00:00","og_image":[{"width":1200,"height":1200,"url":"https:\/\/hallite.com\/wp-content\/uploads\/2017\/02\/open-graph.png","type":"image\/png"}],"twitter_card":"summary_large_image","twitter_site":"@HalliteSeals","schema":{"@context":"https:\/\/schema.org","@graph":[{"@type":"WebPage","@id":"https:\/\/hallite.com\/expertise\/","url":"https:\/\/hallite.com\/expertise\/","name":"Fabricante de veda\u00e7\u00f5es industriais - ISO 9001 - Hallite","isPartOf":{"@id":"https:\/\/hallite.com\/us\/#website"},"datePublished":"2016-10-18T12:20:38+00:00","dateModified":"2021-10-28T10:10:29+00:00","description":"Por mais de 110 anos, a Hallite Seals tem sido um fornecedor l\u00edder e pioneiro em tecnologias inovadoras de veda\u00e7\u00e3o e solu\u00e7\u00f5es de veda\u00e7\u00e3o de engenharia.","breadcrumb":{"@id":"https:\/\/hallite.com\/expertise\/#breadcrumb"},"inLanguage":"pt-BR","potentialAction":[{"@type":"ReadAction","target":["https:\/\/hallite.com\/expertise\/"]}]},{"@type":"BreadcrumbList","@id":"https:\/\/hallite.com\/expertise\/#breadcrumb","itemListElement":[{"@type":"ListItem","position":1,"name":"Home","item":"https:\/\/hallite.com\/br\/"},{"@type":"ListItem","position":2,"name":"Experi\u00eancia"}]},{"@type":"WebSite","@id":"https:\/\/hallite.com\/us\/#website","url":"https:\/\/hallite.com\/us\/","name":"Hallite","description":"","potentialAction":[{"@type":"SearchAction","target":{"@type":"EntryPoint","urlTemplate":"https:\/\/hallite.com\/us\/?s={search_term_string}"},"query-input":{"@type":"PropertyValueSpecification","valueRequired":true,"valueName":"search_term_string"}}],"inLanguage":"pt-BR"}]}},"_links":{"self":[{"href":"https:\/\/hallite.com\/br\/wp-json\/wp\/v2\/pages\/3524","targetHints":{"allow":["GET"]}}],"collection":[{"href":"https:\/\/hallite.com\/br\/wp-json\/wp\/v2\/pages"}],"about":[{"href":"https:\/\/hallite.com\/br\/wp-json\/wp\/v2\/types\/page"}],"author":[{"embeddable":true,"href":"https:\/\/hallite.com\/br\/wp-json\/wp\/v2\/users\/2"}],"replies":[{"embeddable":true,"href":"https:\/\/hallite.com\/br\/wp-json\/wp\/v2\/comments?post=3524"}],"version-history":[{"count":6,"href":"https:\/\/hallite.com\/br\/wp-json\/wp\/v2\/pages\/3524\/revisions"}],"predecessor-version":[{"id":16414,"href":"https:\/\/hallite.com\/br\/wp-json\/wp\/v2\/pages\/3524\/revisions\/16414"}],"wp:attachment":[{"href":"https:\/\/hallite.com\/br\/wp-json\/wp\/v2\/media?parent=3524"}],"curies":[{"name":"wp","href":"https:\/\/api.w.org\/{rel}","templated":true}]}}