{"id":3571,"date":"2016-10-18T12:20:56","date_gmt":"2016-10-18T12:20:56","guid":{"rendered":"https:\/\/hallite.com\/knowledge-bank\/"},"modified":"2021-10-29T13:32:39","modified_gmt":"2021-10-29T12:32:39","slug":"suporte","status":"publish","type":"page","link":"https:\/\/hallite.com\/br\/suporte\/","title":{"rendered":"Biblioteca t\u00e9cnica virtual"},"content":{"rendered":"<div class=\"formatted-text\">\n<div class=\"formatted-text\">\n<p>A Hallite est\u00e1 comprometida com a melhoria cont\u00ednua de nossos servi\u00e7os e produtos. Se voc\u00ea precisar de mais suporte ou informa\u00e7\u00f5es sobre qualquer coisa dentro da linha Hallite ou em rela\u00e7\u00e3o ao servi\u00e7o que oferecemos, explore nosso conte\u00fado dispon\u00edvel para download abaixo.<\/p>\n<p>Como alternativa, Alternatively, please <a href=\"https:\/\/hallite.com\/br\/nossa-empresa\/contact-us\/\">entre em contato com<\/a> o escrit\u00f3rio de vendas da Hallite para obter informa\u00e7\u00f5es adicionais e detalhes t\u00e9cnicos.<\/p>\n<\/div>\n<\/div>\n","protected":false},"excerpt":{"rendered":"<p>A Hallite est\u00e1 comprometida com a melhoria cont\u00ednua de nossos servi\u00e7os e produtos. Se voc\u00ea precisar de mais suporte ou informa\u00e7\u00f5es sobre qualquer coisa dentro da linha Hallite ou em rela\u00e7\u00e3o ao servi\u00e7o que oferecemos, explore nosso conte\u00fado dispon\u00edvel para download abaixo. Como alternativa, Alternatively, please entre em contato com o escrit\u00f3rio de vendas da&#8230;<\/p>\n","protected":false},"author":2,"featured_media":0,"parent":0,"menu_order":0,"comment_status":"closed","ping_status":"closed","template":"template-knowledge-bank.php","meta":{"_acf_changed":false,"content-type":"","footnotes":""},"class_list":["post-3571","page","type-page","status-publish","hentry"],"acf":[],"yoast_head":"<!-- This site is optimized with the Yoast SEO plugin v24.7 - https:\/\/yoast.com\/wordpress\/plugins\/seo\/ -->\n<title>Banco de conhecimento - Hallite<\/title>\n<meta name=\"description\" content=\"A Hallite est\u00e1 comprometida com a melhoria cont\u00ednua de seus servi\u00e7os. Explore o centro de download para mais informa\u00e7\u00f5es sobre nossos produtos e servi\u00e7os.\" \/>\n<meta name=\"robots\" content=\"index, follow, max-snippet:-1, max-image-preview:large, max-video-preview:-1\" \/>\n<link rel=\"canonical\" href=\"https:\/\/hallite.com\/br\/suporte\/\" \/>\n<meta property=\"og:locale\" content=\"pt_BR\" \/>\n<meta property=\"og:type\" content=\"article\" \/>\n<meta property=\"og:title\" content=\"Banco de conhecimento - Hallite\" \/>\n<meta property=\"og:description\" content=\"A Hallite est\u00e1 comprometida com a melhoria cont\u00ednua de seus servi\u00e7os. Explore o centro de download para mais informa\u00e7\u00f5es sobre nossos produtos e servi\u00e7os.\" \/>\n<meta property=\"og:url\" content=\"https:\/\/hallite.com\/br\/suporte\/\" \/>\n<meta property=\"og:site_name\" content=\"Hallite\" \/>\n<meta property=\"article:publisher\" content=\"https:\/\/www.facebook.com\/HalliteSealsInternational\" \/>\n<meta property=\"article:modified_time\" content=\"2021-10-29T12:32:39+00:00\" \/>\n<meta property=\"og:image\" content=\"https:\/\/hallite.com\/wp-content\/uploads\/2017\/02\/open-graph.png\" \/>\n\t<meta property=\"og:image:width\" content=\"1200\" \/>\n\t<meta property=\"og:image:height\" content=\"1200\" \/>\n\t<meta property=\"og:image:type\" content=\"image\/png\" \/>\n<meta name=\"twitter:card\" content=\"summary_large_image\" \/>\n<meta name=\"twitter:site\" content=\"@HalliteSeals\" \/>\n<script type=\"application\/ld+json\" class=\"yoast-schema-graph\">{\"@context\":\"https:\/\/schema.org\",\"@graph\":[{\"@type\":\"WebPage\",\"@id\":\"https:\/\/hallite.com\/br\/suporte\/\",\"url\":\"https:\/\/hallite.com\/br\/suporte\/\",\"name\":\"Banco de conhecimento - Hallite\",\"isPartOf\":{\"@id\":\"https:\/\/hallite.com\/us\/#website\"},\"datePublished\":\"2016-10-18T12:20:56+00:00\",\"dateModified\":\"2021-10-29T12:32:39+00:00\",\"description\":\"A Hallite est\u00e1 comprometida com a melhoria cont\u00ednua de seus servi\u00e7os. Explore o centro de download para mais informa\u00e7\u00f5es sobre nossos produtos e servi\u00e7os.\",\"breadcrumb\":{\"@id\":\"https:\/\/hallite.com\/br\/suporte\/#breadcrumb\"},\"inLanguage\":\"pt-BR\",\"potentialAction\":[{\"@type\":\"ReadAction\",\"target\":[\"https:\/\/hallite.com\/br\/suporte\/\"]}]},{\"@type\":\"BreadcrumbList\",\"@id\":\"https:\/\/hallite.com\/br\/suporte\/#breadcrumb\",\"itemListElement\":[{\"@type\":\"ListItem\",\"position\":1,\"name\":\"Home\",\"item\":\"https:\/\/hallite.com\/br\/\"},{\"@type\":\"ListItem\",\"position\":2,\"name\":\"Biblioteca t\u00e9cnica virtual\"}]},{\"@type\":\"WebSite\",\"@id\":\"https:\/\/hallite.com\/us\/#website\",\"url\":\"https:\/\/hallite.com\/us\/\",\"name\":\"Hallite\",\"description\":\"\",\"potentialAction\":[{\"@type\":\"SearchAction\",\"target\":{\"@type\":\"EntryPoint\",\"urlTemplate\":\"https:\/\/hallite.com\/us\/?s={search_term_string}\"},\"query-input\":{\"@type\":\"PropertyValueSpecification\",\"valueRequired\":true,\"valueName\":\"search_term_string\"}}],\"inLanguage\":\"pt-BR\"}]}<\/script>\n<!-- \/ Yoast SEO plugin. -->","yoast_head_json":{"title":"Banco de conhecimento - Hallite","description":"A Hallite est\u00e1 comprometida com a melhoria cont\u00ednua de seus servi\u00e7os. Explore o centro de download para mais informa\u00e7\u00f5es sobre nossos produtos e servi\u00e7os.","robots":{"index":"index","follow":"follow","max-snippet":"max-snippet:-1","max-image-preview":"max-image-preview:large","max-video-preview":"max-video-preview:-1"},"canonical":"https:\/\/hallite.com\/br\/suporte\/","og_locale":"pt_BR","og_type":"article","og_title":"Banco de conhecimento - Hallite","og_description":"A Hallite est\u00e1 comprometida com a melhoria cont\u00ednua de seus servi\u00e7os. Explore o centro de download para mais informa\u00e7\u00f5es sobre nossos produtos e servi\u00e7os.","og_url":"https:\/\/hallite.com\/br\/suporte\/","og_site_name":"Hallite","article_publisher":"https:\/\/www.facebook.com\/HalliteSealsInternational","article_modified_time":"2021-10-29T12:32:39+00:00","og_image":[{"width":1200,"height":1200,"url":"https:\/\/hallite.com\/wp-content\/uploads\/2017\/02\/open-graph.png","type":"image\/png"}],"twitter_card":"summary_large_image","twitter_site":"@HalliteSeals","schema":{"@context":"https:\/\/schema.org","@graph":[{"@type":"WebPage","@id":"https:\/\/hallite.com\/br\/suporte\/","url":"https:\/\/hallite.com\/br\/suporte\/","name":"Banco de conhecimento - Hallite","isPartOf":{"@id":"https:\/\/hallite.com\/us\/#website"},"datePublished":"2016-10-18T12:20:56+00:00","dateModified":"2021-10-29T12:32:39+00:00","description":"A Hallite est\u00e1 comprometida com a melhoria cont\u00ednua de seus servi\u00e7os. Explore o centro de download para mais informa\u00e7\u00f5es sobre nossos produtos e servi\u00e7os.","breadcrumb":{"@id":"https:\/\/hallite.com\/br\/suporte\/#breadcrumb"},"inLanguage":"pt-BR","potentialAction":[{"@type":"ReadAction","target":["https:\/\/hallite.com\/br\/suporte\/"]}]},{"@type":"BreadcrumbList","@id":"https:\/\/hallite.com\/br\/suporte\/#breadcrumb","itemListElement":[{"@type":"ListItem","position":1,"name":"Home","item":"https:\/\/hallite.com\/br\/"},{"@type":"ListItem","position":2,"name":"Biblioteca t\u00e9cnica virtual"}]},{"@type":"WebSite","@id":"https:\/\/hallite.com\/us\/#website","url":"https:\/\/hallite.com\/us\/","name":"Hallite","description":"","potentialAction":[{"@type":"SearchAction","target":{"@type":"EntryPoint","urlTemplate":"https:\/\/hallite.com\/us\/?s={search_term_string}"},"query-input":{"@type":"PropertyValueSpecification","valueRequired":true,"valueName":"search_term_string"}}],"inLanguage":"pt-BR"}]}},"_links":{"self":[{"href":"https:\/\/hallite.com\/br\/wp-json\/wp\/v2\/pages\/3571","targetHints":{"allow":["GET"]}}],"collection":[{"href":"https:\/\/hallite.com\/br\/wp-json\/wp\/v2\/pages"}],"about":[{"href":"https:\/\/hallite.com\/br\/wp-json\/wp\/v2\/types\/page"}],"author":[{"embeddable":true,"href":"https:\/\/hallite.com\/br\/wp-json\/wp\/v2\/users\/2"}],"replies":[{"embeddable":true,"href":"https:\/\/hallite.com\/br\/wp-json\/wp\/v2\/comments?post=3571"}],"version-history":[{"count":4,"href":"https:\/\/hallite.com\/br\/wp-json\/wp\/v2\/pages\/3571\/revisions"}],"predecessor-version":[{"id":16416,"href":"https:\/\/hallite.com\/br\/wp-json\/wp\/v2\/pages\/3571\/revisions\/16416"}],"wp:attachment":[{"href":"https:\/\/hallite.com\/br\/wp-json\/wp\/v2\/media?parent=3571"}],"curies":[{"name":"wp","href":"https:\/\/api.w.org\/{rel}","templated":true}]}}