{"id":3618,"date":"2016-10-18T12:18:13","date_gmt":"2016-10-18T12:18:13","guid":{"rendered":"https:\/\/hallite.com\/our-company\/"},"modified":"2021-10-28T09:06:02","modified_gmt":"2021-10-28T08:06:02","slug":"sobre-a-empresa","status":"publish","type":"page","link":"https:\/\/hallite.com\/br\/sobre-a-empresa\/","title":{"rendered":"Sobre a empresa"},"content":{"rendered":"<p>A Hallite produz veda\u00e7\u00f5es de alto desempenho e solu\u00e7\u00f5es de veda\u00e7\u00e3o para a ind\u00fastria hidr\u00e1ulica e pneum\u00e1tica global. Al\u00e9m disso n\u00f3s contamos com uma rede global de parceiros de servi\u00e7o para dar respaldo a nossa presen\u00e7a global e garantir que o leque completo de produtos Hallite esteja prontamente acess\u00edvel.<\/p>\n","protected":false},"excerpt":{"rendered":"<p>A Hallite produz veda\u00e7\u00f5es de alto desempenho e solu\u00e7\u00f5es de veda\u00e7\u00e3o para a ind\u00fastria hidr\u00e1ulica e pneum\u00e1tica global. Al\u00e9m disso n\u00f3s contamos com uma rede global de parceiros de servi\u00e7o para dar respaldo a nossa presen\u00e7a global e garantir que o leque completo de produtos Hallite esteja prontamente acess\u00edvel.<\/p>\n","protected":false},"author":2,"featured_media":0,"parent":0,"menu_order":0,"comment_status":"closed","ping_status":"closed","template":"template-our-company.php","meta":{"_acf_changed":false,"content-type":"","footnotes":""},"class_list":["post-3618","page","type-page","status-publish","hentry"],"acf":[],"yoast_head":"<!-- This site is optimized with the Yoast SEO plugin v24.7 - https:\/\/yoast.com\/wordpress\/plugins\/seo\/ -->\n<title>Sobre a empresa - Hallite<\/title>\n<meta name=\"description\" content=\"A Hallite oferece globalmente veda\u00e7\u00f5es, raspadores, guias premium e confian\u00e7a para o cliente no desempenho do cilindro hidr\u00e1ulico.\" \/>\n<meta name=\"robots\" content=\"index, follow, max-snippet:-1, max-image-preview:large, max-video-preview:-1\" \/>\n<link rel=\"canonical\" href=\"https:\/\/hallite.com\/about-us\/\" \/>\n<meta property=\"og:locale\" content=\"pt_BR\" \/>\n<meta property=\"og:type\" content=\"article\" \/>\n<meta property=\"og:title\" content=\"Sobre a empresa - Hallite\" \/>\n<meta property=\"og:description\" content=\"A Hallite oferece globalmente veda\u00e7\u00f5es, raspadores, guias premium e confian\u00e7a para o cliente no desempenho do cilindro hidr\u00e1ulico.\" \/>\n<meta property=\"og:url\" content=\"https:\/\/hallite.com\/about-us\/\" \/>\n<meta property=\"og:site_name\" content=\"Hallite\" \/>\n<meta property=\"article:publisher\" content=\"https:\/\/www.facebook.com\/HalliteSealsInternational\" \/>\n<meta property=\"article:modified_time\" content=\"2021-10-28T08:06:02+00:00\" \/>\n<meta property=\"og:image\" content=\"https:\/\/hallite.com\/wp-content\/uploads\/2017\/02\/open-graph.png\" \/>\n\t<meta property=\"og:image:width\" content=\"1200\" \/>\n\t<meta property=\"og:image:height\" content=\"1200\" \/>\n\t<meta property=\"og:image:type\" content=\"image\/png\" \/>\n<meta name=\"twitter:card\" content=\"summary_large_image\" \/>\n<meta name=\"twitter:site\" content=\"@HalliteSeals\" \/>\n<script type=\"application\/ld+json\" class=\"yoast-schema-graph\">{\"@context\":\"https:\/\/schema.org\",\"@graph\":[{\"@type\":\"WebPage\",\"@id\":\"https:\/\/hallite.com\/about-us\/\",\"url\":\"https:\/\/hallite.com\/about-us\/\",\"name\":\"Sobre a empresa - Hallite\",\"isPartOf\":{\"@id\":\"https:\/\/hallite.com\/us\/#website\"},\"datePublished\":\"2016-10-18T12:18:13+00:00\",\"dateModified\":\"2021-10-28T08:06:02+00:00\",\"description\":\"A Hallite oferece globalmente veda\u00e7\u00f5es, raspadores, guias premium e confian\u00e7a para o cliente no desempenho do cilindro hidr\u00e1ulico.\",\"breadcrumb\":{\"@id\":\"https:\/\/hallite.com\/about-us\/#breadcrumb\"},\"inLanguage\":\"pt-BR\",\"potentialAction\":[{\"@type\":\"ReadAction\",\"target\":[\"https:\/\/hallite.com\/about-us\/\"]}]},{\"@type\":\"BreadcrumbList\",\"@id\":\"https:\/\/hallite.com\/about-us\/#breadcrumb\",\"itemListElement\":[{\"@type\":\"ListItem\",\"position\":1,\"name\":\"Home\",\"item\":\"https:\/\/hallite.com\/br\/\"},{\"@type\":\"ListItem\",\"position\":2,\"name\":\"Sobre a empresa\"}]},{\"@type\":\"WebSite\",\"@id\":\"https:\/\/hallite.com\/us\/#website\",\"url\":\"https:\/\/hallite.com\/us\/\",\"name\":\"Hallite\",\"description\":\"\",\"potentialAction\":[{\"@type\":\"SearchAction\",\"target\":{\"@type\":\"EntryPoint\",\"urlTemplate\":\"https:\/\/hallite.com\/us\/?s={search_term_string}\"},\"query-input\":{\"@type\":\"PropertyValueSpecification\",\"valueRequired\":true,\"valueName\":\"search_term_string\"}}],\"inLanguage\":\"pt-BR\"}]}<\/script>\n<!-- \/ Yoast SEO plugin. -->","yoast_head_json":{"title":"Sobre a empresa - Hallite","description":"A Hallite oferece globalmente veda\u00e7\u00f5es, raspadores, guias premium e confian\u00e7a para o cliente no desempenho do cilindro hidr\u00e1ulico.","robots":{"index":"index","follow":"follow","max-snippet":"max-snippet:-1","max-image-preview":"max-image-preview:large","max-video-preview":"max-video-preview:-1"},"canonical":"https:\/\/hallite.com\/about-us\/","og_locale":"pt_BR","og_type":"article","og_title":"Sobre a empresa - Hallite","og_description":"A Hallite oferece globalmente veda\u00e7\u00f5es, raspadores, guias premium e confian\u00e7a para o cliente no desempenho do cilindro hidr\u00e1ulico.","og_url":"https:\/\/hallite.com\/about-us\/","og_site_name":"Hallite","article_publisher":"https:\/\/www.facebook.com\/HalliteSealsInternational","article_modified_time":"2021-10-28T08:06:02+00:00","og_image":[{"width":1200,"height":1200,"url":"https:\/\/hallite.com\/wp-content\/uploads\/2017\/02\/open-graph.png","type":"image\/png"}],"twitter_card":"summary_large_image","twitter_site":"@HalliteSeals","schema":{"@context":"https:\/\/schema.org","@graph":[{"@type":"WebPage","@id":"https:\/\/hallite.com\/about-us\/","url":"https:\/\/hallite.com\/about-us\/","name":"Sobre a empresa - Hallite","isPartOf":{"@id":"https:\/\/hallite.com\/us\/#website"},"datePublished":"2016-10-18T12:18:13+00:00","dateModified":"2021-10-28T08:06:02+00:00","description":"A Hallite oferece globalmente veda\u00e7\u00f5es, raspadores, guias premium e confian\u00e7a para o cliente no desempenho do cilindro hidr\u00e1ulico.","breadcrumb":{"@id":"https:\/\/hallite.com\/about-us\/#breadcrumb"},"inLanguage":"pt-BR","potentialAction":[{"@type":"ReadAction","target":["https:\/\/hallite.com\/about-us\/"]}]},{"@type":"BreadcrumbList","@id":"https:\/\/hallite.com\/about-us\/#breadcrumb","itemListElement":[{"@type":"ListItem","position":1,"name":"Home","item":"https:\/\/hallite.com\/br\/"},{"@type":"ListItem","position":2,"name":"Sobre a empresa"}]},{"@type":"WebSite","@id":"https:\/\/hallite.com\/us\/#website","url":"https:\/\/hallite.com\/us\/","name":"Hallite","description":"","potentialAction":[{"@type":"SearchAction","target":{"@type":"EntryPoint","urlTemplate":"https:\/\/hallite.com\/us\/?s={search_term_string}"},"query-input":{"@type":"PropertyValueSpecification","valueRequired":true,"valueName":"search_term_string"}}],"inLanguage":"pt-BR"}]}},"_links":{"self":[{"href":"https:\/\/hallite.com\/br\/wp-json\/wp\/v2\/pages\/3618","targetHints":{"allow":["GET"]}}],"collection":[{"href":"https:\/\/hallite.com\/br\/wp-json\/wp\/v2\/pages"}],"about":[{"href":"https:\/\/hallite.com\/br\/wp-json\/wp\/v2\/types\/page"}],"author":[{"embeddable":true,"href":"https:\/\/hallite.com\/br\/wp-json\/wp\/v2\/users\/2"}],"replies":[{"embeddable":true,"href":"https:\/\/hallite.com\/br\/wp-json\/wp\/v2\/comments?post=3618"}],"version-history":[{"count":3,"href":"https:\/\/hallite.com\/br\/wp-json\/wp\/v2\/pages\/3618\/revisions"}],"predecessor-version":[{"id":16404,"href":"https:\/\/hallite.com\/br\/wp-json\/wp\/v2\/pages\/3618\/revisions\/16404"}],"wp:attachment":[{"href":"https:\/\/hallite.com\/br\/wp-json\/wp\/v2\/media?parent=3618"}],"curies":[{"name":"wp","href":"https:\/\/api.w.org\/{rel}","templated":true}]}}