{"id":13793,"date":"2020-11-10T20:21:10","date_gmt":"2020-11-10T20:21:10","guid":{"rendered":"https:\/\/hallite.com\/?page_id=13793"},"modified":"2021-11-09T10:37:42","modified_gmt":"2021-11-09T10:37:42","slug":"werkstoffe","status":"publish","type":"page","link":"https:\/\/hallite.com\/de\/werkstoffe\/","title":{"rendered":"Werkstoffe"},"content":{"rendered":"<h3>Material-Expertise<\/h3>\n<p>Die in vielen Formen und Gr\u00f6\u00dfen hergestellten Dichtungen sind kritische Komponenten, die in allen gr\u00f6\u00dferen industriellen Anwendungen und dazugeh\u00f6rigen Ger\u00e4ten zu finden sind. Durch Erf\u00fcllung einer Reihe von Funktionen, wie Energie- und Sto\u00dfd\u00e4mpfung, Trennung von Betriebsmedien, Druckerhalt und das Abstreifen, sichern die Dichtungen bei richtiger Material- und Designauswahl den ordnungsgem\u00e4\u00dfen Betrieb der Anwendungen.<\/p>\n<p>Dank unserer langj\u00e4hrigen Geschichte in der Produktinnovation und der Materialentwicklung versteht unser Team, wie relevant die Materialauswahl f\u00fcr die Dichtleistung ist.<\/p>\n<h3>Auswahl der richtigen Werkstoffe<\/h3>\n<p>Die richtige Materialkombination stellt einen kritischen Faktor dar, der \u00fcber Erfolg oder Versagen entscheiden kann, wenn eine Dichtung in einer bestimmten Anwendung eingesetzt wird.<\/p>\n<p>Unsere Ingenieure und Materialwissenschaftler k\u00f6nnen Sie unterst\u00fctzen, um das beste Material f\u00fcr Ihre Anwendung zu bestimmen.<\/p>\n<h3>Tests<\/h3>\n<p>Unsere gesamte Angebotspalette von Dichtungsprodukten und -Komponenten wird erg\u00e4nzt durch nachhaltige technische Unterst\u00fctzung in den Bereichen der Materialauswahl und -Entwicklung wie auch kundenspezifische Materialmischungen, die Ihren besonderen Bed\u00fcrfnissen angepasst werden.<\/p>\n<p>Unser Team von Engineeringexperten und Spezialisten evaluiert regelm\u00e4\u00dfig die Materialkompatibilit\u00e4t und die Leistungsszenarien, um die optimale Dichtungsl\u00f6sung zu finden.<\/p>\n<p>Als Teil unserer Wissensgrundlagen sind in unserer Materialbibliothek aktuelle und historische Daten \u00fcber Mischungen und Formeln gespeichert, die die spezifischen Leistungseigenschaften der gesamten Palette der von uns weltweit angebotenen Dichtungsprodukte dokumentieren.<\/p>\n<p>Mehr Information \u00fcber die Tests finden Sie <a href=\"https:\/\/hallite.com\/expertise\/product-testing\/testing-lab\/\">hier<\/a>.<\/p>\n<table>\n<tbody>\n<tr>\n<th colspan=\"2\">Werkstoffe<\/th>\n<\/tr>\n<tr>\n<td>Hallite-Material<\/td>\n<td>Armorlene\u00ae PTFE<br \/>\nHythane\u00ae TPU<br \/>\nSpezielles Hallite TPE-Material<br \/>\nHallprene\u00ae Gummigewebe<\/td>\n<\/tr>\n<tr>\n<td>Elastomere<\/td>\n<td>NBR \u2013 Nitrilgummi<br \/>\nTPE \u2013 Thermoplastische Polyesterelastomere<br \/>\nTPU \u2013 Thermoplastisches Polyuretanelastomer \u2013 Hythane\u00ae<br \/>\nXNBR \u2013 Carboxiliertes Nitrilgummi<br \/>\nHNBR \u2013 Hydriertes Nitrilgummi<br \/>\nFKM \u2013 Fluorelastomer-Gummi \u2013 Viton\u00ae, Fluorel\u00ae<br \/>\nFFKM \u2013 Perfluorelastomer-Gummi<br \/>\nFEPM \u2013Fluorelastomer-Gummi \u2013 Aflas\u00ae<br \/>\nFVMQ \u2013 Fluorsilikon-Gummi<br \/>\nEPM \u2013 Ethylen-Propylen-Gummi<br \/>\nEPDM \u2013 Ethylen-Propylen-Dien-Gummi<\/td>\n<\/tr>\n<tr>\n<td>Weitere Kunststoffe und Mischungen<\/td>\n<td>Verst\u00e4rkter thermoh\u00e4rtender Polyesterharz<br \/>\nPF \u2013 Phenole<br \/>\nPTFE und gef\u00fclltes PTFE \u2013 Polytetrafluorethylen \u2013 Armorlene\u00ae<br \/>\nPA-Nylon und gef\u00fclltes Nylon \u2013 Polyamide<br \/>\nPEEK \u2013 Polyetheretherketon und \u00e4hnliches Material \u2013 Victrex\u00ae<br \/>\nUHMWPE \u2013 Ultrahochmolekulares Polyethylen<br \/>\nPOM \u2013 Polyoxymethylen \u2013 Acetal, Delrin\u00ae<br \/>\nPPS \u2013 Polyphenylen-Sulfid \u2013 Ryton\u00ae<\/td>\n<\/tr>\n<tr>\n<td>Verbundstoffe<\/td>\n<td>Patentierte SinterMesh\u2122<br \/>\nXPC-Verbindungen \u2122<br \/>\nKohlefaserverbindungen<br \/>\nNanoverbindungen<br \/>\nElastomerbeschichtete Gewebe<br \/>\nKunststoff-Metall-Verbindungen<br \/>\nGummi-Kunststoff-Verbindungen<br \/>\nGummi-Metall-Verbindungen<br \/>\nGummi-Gummi-Verbindungen<\/td>\n<\/tr>\n<\/tbody>\n<\/table>\n<p>&nbsp;<\/p>\n","protected":false},"excerpt":{"rendered":"<p>Material-Expertise Die in vielen Formen und Gr\u00f6\u00dfen hergestellten Dichtungen sind kritische Komponenten, die in allen gr\u00f6\u00dferen industriellen Anwendungen und dazugeh\u00f6rigen Ger\u00e4ten zu finden sind. Durch Erf\u00fcllung einer Reihe von Funktionen, wie Energie- und Sto\u00dfd\u00e4mpfung, Trennung von Betriebsmedien, Druckerhalt und das Abstreifen, sichern die Dichtungen bei richtiger Material- und Designauswahl den ordnungsgem\u00e4\u00dfen Betrieb der Anwendungen. Dank&#8230;<\/p>\n","protected":false},"author":28,"featured_media":0,"parent":0,"menu_order":0,"comment_status":"closed","ping_status":"closed","template":"template-materials.php","meta":{"_acf_changed":false,"content-type":"","footnotes":""},"class_list":["post-13793","page","type-page","status-publish","hentry"],"acf":[],"yoast_head":"<!-- This site is optimized with the Yoast SEO plugin v24.7 - https:\/\/yoast.com\/wordpress\/plugins\/seo\/ -->\n<title>Werkstoffe - Hallite<\/title>\n<meta name=\"description\" content=\"Mit einer langen Geschichte der Produktinnovation und Materialentwicklung wei\u00df unser Team, wie wichtig die Materialauswahl f\u00fcr die Dichtungsleistung ist.\" \/>\n<meta name=\"robots\" content=\"index, follow, max-snippet:-1, max-image-preview:large, max-video-preview:-1\" \/>\n<link rel=\"canonical\" href=\"https:\/\/live-hallite-seals.pantheonsite.io\/de\/werkstoffe\/\" \/>\n<meta property=\"og:locale\" content=\"de_DE\" \/>\n<meta property=\"og:type\" content=\"article\" \/>\n<meta property=\"og:title\" content=\"Werkstoffe - Hallite\" \/>\n<meta property=\"og:description\" content=\"Mit einer langen Geschichte der Produktinnovation und Materialentwicklung wei\u00df unser Team, wie wichtig die Materialauswahl f\u00fcr die Dichtungsleistung ist.\" \/>\n<meta property=\"og:url\" content=\"https:\/\/live-hallite-seals.pantheonsite.io\/de\/werkstoffe\/\" \/>\n<meta property=\"og:site_name\" content=\"Hallite\" \/>\n<meta property=\"article:publisher\" content=\"https:\/\/www.facebook.com\/HalliteSealsInternational\" \/>\n<meta property=\"article:modified_time\" content=\"2021-11-09T10:37:42+00:00\" \/>\n<meta property=\"og:image\" content=\"https:\/\/hallite.com\/wp-content\/uploads\/2017\/02\/open-graph.png\" \/>\n\t<meta property=\"og:image:width\" content=\"1200\" \/>\n\t<meta property=\"og:image:height\" content=\"1200\" \/>\n\t<meta property=\"og:image:type\" content=\"image\/png\" \/>\n<meta name=\"twitter:card\" content=\"summary_large_image\" \/>\n<meta name=\"twitter:site\" content=\"@HalliteSeals\" \/>\n<meta name=\"twitter:label1\" content=\"Est. reading time\" \/>\n\t<meta name=\"twitter:data1\" content=\"2 minutes\" \/>\n<script type=\"application\/ld+json\" class=\"yoast-schema-graph\">{\"@context\":\"https:\/\/schema.org\",\"@graph\":[{\"@type\":\"WebPage\",\"@id\":\"https:\/\/live-hallite-seals.pantheonsite.io\/de\/werkstoffe\/\",\"url\":\"https:\/\/live-hallite-seals.pantheonsite.io\/de\/werkstoffe\/\",\"name\":\"Werkstoffe - Hallite\",\"isPartOf\":{\"@id\":\"https:\/\/hallite.com\/us\/#website\"},\"datePublished\":\"2020-11-10T20:21:10+00:00\",\"dateModified\":\"2021-11-09T10:37:42+00:00\",\"description\":\"Mit einer langen Geschichte der Produktinnovation und Materialentwicklung wei\u00df unser Team, wie wichtig die Materialauswahl f\u00fcr die Dichtungsleistung ist.\",\"breadcrumb\":{\"@id\":\"https:\/\/live-hallite-seals.pantheonsite.io\/de\/werkstoffe\/#breadcrumb\"},\"inLanguage\":\"de-DE\",\"potentialAction\":[{\"@type\":\"ReadAction\",\"target\":[\"https:\/\/live-hallite-seals.pantheonsite.io\/de\/werkstoffe\/\"]}]},{\"@type\":\"BreadcrumbList\",\"@id\":\"https:\/\/live-hallite-seals.pantheonsite.io\/de\/werkstoffe\/#breadcrumb\",\"itemListElement\":[{\"@type\":\"ListItem\",\"position\":1,\"name\":\"Home\",\"item\":\"https:\/\/hallite.com\/de\/\"},{\"@type\":\"ListItem\",\"position\":2,\"name\":\"Werkstoffe\"}]},{\"@type\":\"WebSite\",\"@id\":\"https:\/\/hallite.com\/us\/#website\",\"url\":\"https:\/\/hallite.com\/us\/\",\"name\":\"Hallite\",\"description\":\"\",\"potentialAction\":[{\"@type\":\"SearchAction\",\"target\":{\"@type\":\"EntryPoint\",\"urlTemplate\":\"https:\/\/hallite.com\/us\/?s={search_term_string}\"},\"query-input\":{\"@type\":\"PropertyValueSpecification\",\"valueRequired\":true,\"valueName\":\"search_term_string\"}}],\"inLanguage\":\"de-DE\"}]}<\/script>\n<!-- \/ Yoast SEO plugin. -->","yoast_head_json":{"title":"Werkstoffe - Hallite","description":"Mit einer langen Geschichte der Produktinnovation und Materialentwicklung wei\u00df unser Team, wie wichtig die Materialauswahl f\u00fcr die Dichtungsleistung ist.","robots":{"index":"index","follow":"follow","max-snippet":"max-snippet:-1","max-image-preview":"max-image-preview:large","max-video-preview":"max-video-preview:-1"},"canonical":"https:\/\/live-hallite-seals.pantheonsite.io\/de\/werkstoffe\/","og_locale":"de_DE","og_type":"article","og_title":"Werkstoffe - Hallite","og_description":"Mit einer langen Geschichte der Produktinnovation und Materialentwicklung wei\u00df unser Team, wie wichtig die Materialauswahl f\u00fcr die Dichtungsleistung ist.","og_url":"https:\/\/live-hallite-seals.pantheonsite.io\/de\/werkstoffe\/","og_site_name":"Hallite","article_publisher":"https:\/\/www.facebook.com\/HalliteSealsInternational","article_modified_time":"2021-11-09T10:37:42+00:00","og_image":[{"width":1200,"height":1200,"url":"https:\/\/hallite.com\/wp-content\/uploads\/2017\/02\/open-graph.png","type":"image\/png"}],"twitter_card":"summary_large_image","twitter_site":"@HalliteSeals","twitter_misc":{"Est. reading time":"2 minutes"},"schema":{"@context":"https:\/\/schema.org","@graph":[{"@type":"WebPage","@id":"https:\/\/live-hallite-seals.pantheonsite.io\/de\/werkstoffe\/","url":"https:\/\/live-hallite-seals.pantheonsite.io\/de\/werkstoffe\/","name":"Werkstoffe - Hallite","isPartOf":{"@id":"https:\/\/hallite.com\/us\/#website"},"datePublished":"2020-11-10T20:21:10+00:00","dateModified":"2021-11-09T10:37:42+00:00","description":"Mit einer langen Geschichte der Produktinnovation und Materialentwicklung wei\u00df unser Team, wie wichtig die Materialauswahl f\u00fcr die Dichtungsleistung ist.","breadcrumb":{"@id":"https:\/\/live-hallite-seals.pantheonsite.io\/de\/werkstoffe\/#breadcrumb"},"inLanguage":"de-DE","potentialAction":[{"@type":"ReadAction","target":["https:\/\/live-hallite-seals.pantheonsite.io\/de\/werkstoffe\/"]}]},{"@type":"BreadcrumbList","@id":"https:\/\/live-hallite-seals.pantheonsite.io\/de\/werkstoffe\/#breadcrumb","itemListElement":[{"@type":"ListItem","position":1,"name":"Home","item":"https:\/\/hallite.com\/de\/"},{"@type":"ListItem","position":2,"name":"Werkstoffe"}]},{"@type":"WebSite","@id":"https:\/\/hallite.com\/us\/#website","url":"https:\/\/hallite.com\/us\/","name":"Hallite","description":"","potentialAction":[{"@type":"SearchAction","target":{"@type":"EntryPoint","urlTemplate":"https:\/\/hallite.com\/us\/?s={search_term_string}"},"query-input":{"@type":"PropertyValueSpecification","valueRequired":true,"valueName":"search_term_string"}}],"inLanguage":"de-DE"}]}},"_links":{"self":[{"href":"https:\/\/hallite.com\/de\/wp-json\/wp\/v2\/pages\/13793","targetHints":{"allow":["GET"]}}],"collection":[{"href":"https:\/\/hallite.com\/de\/wp-json\/wp\/v2\/pages"}],"about":[{"href":"https:\/\/hallite.com\/de\/wp-json\/wp\/v2\/types\/page"}],"author":[{"embeddable":true,"href":"https:\/\/hallite.com\/de\/wp-json\/wp\/v2\/users\/28"}],"replies":[{"embeddable":true,"href":"https:\/\/hallite.com\/de\/wp-json\/wp\/v2\/comments?post=13793"}],"version-history":[{"count":3,"href":"https:\/\/hallite.com\/de\/wp-json\/wp\/v2\/pages\/13793\/revisions"}],"predecessor-version":[{"id":16810,"href":"https:\/\/hallite.com\/de\/wp-json\/wp\/v2\/pages\/13793\/revisions\/16810"}],"wp:attachment":[{"href":"https:\/\/hallite.com\/de\/wp-json\/wp\/v2\/media?parent=13793"}],"curies":[{"name":"wp","href":"https:\/\/api.w.org\/{rel}","templated":true}]}}