{"id":3521,"date":"2016-10-18T12:20:38","date_gmt":"2016-10-18T12:20:38","guid":{"rendered":"https:\/\/hallite.com\/expertise\/"},"modified":"2021-11-26T14:04:38","modified_gmt":"2021-11-26T14:04:38","slug":"technik","status":"publish","type":"page","link":"https:\/\/hallite.com\/de\/technik\/","title":{"rendered":"Technik"},"content":{"rendered":"<div class=\"formatted-text\">\n<p>Die erfolgreiche Entwicklung von Dichtelementen f\u00fcr unterschiedlichste Anwendungen sind die Basis f\u00fcr unser Expertenwissen, insbesondere im Bereich anspruchsvollster Bedingungen und Anforderungen.<\/p>\n<p>Unser Bestreben, die Anspr\u00fcche unserer Kunden zu erreichen und zu \u00fcbertreffen, unterleigt stets dem Anspruch an h\u00f6chste Qualit\u00e4t, beste Performance und einer ausgewogenen Kosteneffizienz.<\/p>\n<\/div>\n","protected":false},"excerpt":{"rendered":"<p>Die erfolgreiche Entwicklung von Dichtelementen f\u00fcr unterschiedlichste Anwendungen sind die Basis f\u00fcr unser Expertenwissen, insbesondere im Bereich anspruchsvollster Bedingungen und Anforderungen. Unser Bestreben, die Anspr\u00fcche unserer Kunden zu erreichen und zu \u00fcbertreffen, unterleigt stets dem Anspruch an h\u00f6chste Qualit\u00e4t, beste Performance und einer ausgewogenen Kosteneffizienz.<\/p>\n","protected":false},"author":2,"featured_media":0,"parent":0,"menu_order":0,"comment_status":"closed","ping_status":"closed","template":"template-expertise.php","meta":{"_acf_changed":false,"content-type":"","footnotes":""},"class_list":["post-3521","page","type-page","status-publish","hentry"],"acf":[],"yoast_head":"<!-- This site is optimized with the Yoast SEO plugin v24.7 - https:\/\/yoast.com\/wordpress\/plugins\/seo\/ -->\n<title>Industrial Seal Manufacurer - ISO 9001 - Hallite<\/title>\n<meta name=\"description\" content=\"Hallite ist seit mehr als 110 Jahren ein f\u00fchrender Anbieter und Pionier innovativer Dichtungstechnologien und technischer Dichtungsl\u00f6sungen.\" \/>\n<meta name=\"robots\" content=\"index, follow, max-snippet:-1, max-image-preview:large, max-video-preview:-1\" \/>\n<link rel=\"canonical\" href=\"https:\/\/hallite.com\/expertise\/\" \/>\n<meta property=\"og:locale\" content=\"de_DE\" \/>\n<meta property=\"og:type\" content=\"article\" \/>\n<meta property=\"og:title\" content=\"Industrial Seal Manufacurer - ISO 9001 - Hallite\" \/>\n<meta property=\"og:description\" content=\"Hallite ist seit mehr als 110 Jahren ein f\u00fchrender Anbieter und Pionier innovativer Dichtungstechnologien und technischer Dichtungsl\u00f6sungen.\" \/>\n<meta property=\"og:url\" content=\"https:\/\/hallite.com\/expertise\/\" \/>\n<meta property=\"og:site_name\" content=\"Hallite\" \/>\n<meta property=\"article:publisher\" content=\"https:\/\/www.facebook.com\/HalliteSealsInternational\" \/>\n<meta property=\"article:modified_time\" content=\"2021-11-26T14:04:38+00:00\" \/>\n<meta property=\"og:image\" content=\"https:\/\/hallite.com\/wp-content\/uploads\/2017\/02\/open-graph.png\" \/>\n\t<meta property=\"og:image:width\" content=\"1200\" \/>\n\t<meta property=\"og:image:height\" content=\"1200\" \/>\n\t<meta property=\"og:image:type\" content=\"image\/png\" \/>\n<meta name=\"twitter:card\" content=\"summary_large_image\" \/>\n<meta name=\"twitter:site\" content=\"@HalliteSeals\" \/>\n<script type=\"application\/ld+json\" class=\"yoast-schema-graph\">{\"@context\":\"https:\/\/schema.org\",\"@graph\":[{\"@type\":\"WebPage\",\"@id\":\"https:\/\/hallite.com\/expertise\/\",\"url\":\"https:\/\/hallite.com\/expertise\/\",\"name\":\"Industrial Seal Manufacurer - ISO 9001 - Hallite\",\"isPartOf\":{\"@id\":\"https:\/\/hallite.com\/us\/#website\"},\"datePublished\":\"2016-10-18T12:20:38+00:00\",\"dateModified\":\"2021-11-26T14:04:38+00:00\",\"description\":\"Hallite ist seit mehr als 110 Jahren ein f\u00fchrender Anbieter und Pionier innovativer Dichtungstechnologien und technischer Dichtungsl\u00f6sungen.\",\"breadcrumb\":{\"@id\":\"https:\/\/hallite.com\/expertise\/#breadcrumb\"},\"inLanguage\":\"de-DE\",\"potentialAction\":[{\"@type\":\"ReadAction\",\"target\":[\"https:\/\/hallite.com\/expertise\/\"]}]},{\"@type\":\"BreadcrumbList\",\"@id\":\"https:\/\/hallite.com\/expertise\/#breadcrumb\",\"itemListElement\":[{\"@type\":\"ListItem\",\"position\":1,\"name\":\"Home\",\"item\":\"https:\/\/hallite.com\/de\/\"},{\"@type\":\"ListItem\",\"position\":2,\"name\":\"Technik\"}]},{\"@type\":\"WebSite\",\"@id\":\"https:\/\/hallite.com\/us\/#website\",\"url\":\"https:\/\/hallite.com\/us\/\",\"name\":\"Hallite\",\"description\":\"\",\"potentialAction\":[{\"@type\":\"SearchAction\",\"target\":{\"@type\":\"EntryPoint\",\"urlTemplate\":\"https:\/\/hallite.com\/us\/?s={search_term_string}\"},\"query-input\":{\"@type\":\"PropertyValueSpecification\",\"valueRequired\":true,\"valueName\":\"search_term_string\"}}],\"inLanguage\":\"de-DE\"}]}<\/script>\n<!-- \/ Yoast SEO plugin. -->","yoast_head_json":{"title":"Industrial Seal Manufacurer - ISO 9001 - Hallite","description":"Hallite ist seit mehr als 110 Jahren ein f\u00fchrender Anbieter und Pionier innovativer Dichtungstechnologien und technischer Dichtungsl\u00f6sungen.","robots":{"index":"index","follow":"follow","max-snippet":"max-snippet:-1","max-image-preview":"max-image-preview:large","max-video-preview":"max-video-preview:-1"},"canonical":"https:\/\/hallite.com\/expertise\/","og_locale":"de_DE","og_type":"article","og_title":"Industrial Seal Manufacurer - ISO 9001 - Hallite","og_description":"Hallite ist seit mehr als 110 Jahren ein f\u00fchrender Anbieter und Pionier innovativer Dichtungstechnologien und technischer Dichtungsl\u00f6sungen.","og_url":"https:\/\/hallite.com\/expertise\/","og_site_name":"Hallite","article_publisher":"https:\/\/www.facebook.com\/HalliteSealsInternational","article_modified_time":"2021-11-26T14:04:38+00:00","og_image":[{"width":1200,"height":1200,"url":"https:\/\/hallite.com\/wp-content\/uploads\/2017\/02\/open-graph.png","type":"image\/png"}],"twitter_card":"summary_large_image","twitter_site":"@HalliteSeals","schema":{"@context":"https:\/\/schema.org","@graph":[{"@type":"WebPage","@id":"https:\/\/hallite.com\/expertise\/","url":"https:\/\/hallite.com\/expertise\/","name":"Industrial Seal Manufacurer - ISO 9001 - Hallite","isPartOf":{"@id":"https:\/\/hallite.com\/us\/#website"},"datePublished":"2016-10-18T12:20:38+00:00","dateModified":"2021-11-26T14:04:38+00:00","description":"Hallite ist seit mehr als 110 Jahren ein f\u00fchrender Anbieter und Pionier innovativer Dichtungstechnologien und technischer Dichtungsl\u00f6sungen.","breadcrumb":{"@id":"https:\/\/hallite.com\/expertise\/#breadcrumb"},"inLanguage":"de-DE","potentialAction":[{"@type":"ReadAction","target":["https:\/\/hallite.com\/expertise\/"]}]},{"@type":"BreadcrumbList","@id":"https:\/\/hallite.com\/expertise\/#breadcrumb","itemListElement":[{"@type":"ListItem","position":1,"name":"Home","item":"https:\/\/hallite.com\/de\/"},{"@type":"ListItem","position":2,"name":"Technik"}]},{"@type":"WebSite","@id":"https:\/\/hallite.com\/us\/#website","url":"https:\/\/hallite.com\/us\/","name":"Hallite","description":"","potentialAction":[{"@type":"SearchAction","target":{"@type":"EntryPoint","urlTemplate":"https:\/\/hallite.com\/us\/?s={search_term_string}"},"query-input":{"@type":"PropertyValueSpecification","valueRequired":true,"valueName":"search_term_string"}}],"inLanguage":"de-DE"}]}},"_links":{"self":[{"href":"https:\/\/hallite.com\/de\/wp-json\/wp\/v2\/pages\/3521","targetHints":{"allow":["GET"]}}],"collection":[{"href":"https:\/\/hallite.com\/de\/wp-json\/wp\/v2\/pages"}],"about":[{"href":"https:\/\/hallite.com\/de\/wp-json\/wp\/v2\/types\/page"}],"author":[{"embeddable":true,"href":"https:\/\/hallite.com\/de\/wp-json\/wp\/v2\/users\/2"}],"replies":[{"embeddable":true,"href":"https:\/\/hallite.com\/de\/wp-json\/wp\/v2\/comments?post=3521"}],"version-history":[{"count":6,"href":"https:\/\/hallite.com\/de\/wp-json\/wp\/v2\/pages\/3521\/revisions"}],"predecessor-version":[{"id":16982,"href":"https:\/\/hallite.com\/de\/wp-json\/wp\/v2\/pages\/3521\/revisions\/16982"}],"wp:attachment":[{"href":"https:\/\/hallite.com\/de\/wp-json\/wp\/v2\/media?parent=3521"}],"curies":[{"name":"wp","href":"https:\/\/api.w.org\/{rel}","templated":true}]}}