{"id":4203,"date":"2016-10-19T08:39:37","date_gmt":"2016-10-19T08:39:37","guid":{"rendered":"https:\/\/hallite.com\/legal-statement\/"},"modified":"2021-11-09T10:30:41","modified_gmt":"2021-11-09T10:30:41","slug":"rechtliche-hinweise","status":"publish","type":"page","link":"https:\/\/hallite.com\/de\/rechtliche-hinweise\/","title":{"rendered":"Rechtliche Hinweise"},"content":{"rendered":"<p>Alle Rechte vorbehalten. Text, Bilder, Grafiken, Sound, Animationen und Videos sowie deren Anordnung auf Hallite-Websites unterliegen dem Schutz des Urheberrechts und anderer Schutzgesetze. Der Inhalt dieser Websites darf nicht zu kommerziellen Zwecken kopiert, verbreitet, ver\u00e4ndert oder Dritten zug\u00e4nglich gemacht werden.<\/p>\n<p>Die bereitgestellten Angaben gr\u00fcnden sich auf langj\u00e4hrige Erfahrungen in der Herstellung von Hydraulikdichtungen und werden nach bestem Wissen und Gewissen gegeben. Eine zus\u00e4tzliche Gew\u00e4hrleistung (au\u00dferhalb der in den Verkaufsbedingungen festgesetzten) kann nicht gegeben werden, da sich die weiteren Bedingungen, unter denen Hallite-Produkte benutzt werden, unserer Kontrolle entziehen. Die auf dieser Website bereitgestellten Angaben und Informationen k\u00f6nnen nur allgemeine, nicht verbindliche Richtwerte darstellen. Wir empfehlen daher, konkrete Einsatzf\u00e4lle mit unserem Beratungsservice zu besprechen. Wir behalten uns \u00c4nderungen der Informationen auf dieser Website, die wir unverbindlich zur Verf\u00fcgung stellen, ohne vorherige Ank\u00fcndigung vor.<\/p>\n<p><strong>Verlinkung auf weitere Angebote<\/strong><br \/>\nDichtelemente Hallite GmbH ist nach \u00a7 7 Abs.1 Telemediengesetz (TMG) f\u00fcr die eigenen Inhalte, die sie zur Nutzung bereith\u00e4lt, verantwortlich. F\u00fcr fremde Inhalte sind wir gem\u00e4\u00df \u00a7\u00a7 8 ff. TMG nicht bzw. nur eingeschr\u00e4nkt verantwortlich. Wir erkl\u00e4ren hiermit ausdr\u00fccklich, dass wir f\u00fcr die Inhalte von verlinkten Sites keine Verantwortung \u00fcbernehmen und uns deren Inhalte nicht zu eigen machen. Diese Erkl\u00e4rung gilt f\u00fcr alle auf dieser Website angebrachten Links. In keinem Fall sind wir verantwortlich f\u00fcr die Inhalte von Internetseiten, die auf unsere Internetpr\u00e4senz verweisen.<\/p>\n","protected":false},"excerpt":{"rendered":"<p>Alle Rechte vorbehalten. Text, Bilder, Grafiken, Sound, Animationen und Videos sowie deren Anordnung auf Hallite-Websites unterliegen dem Schutz des Urheberrechts und anderer Schutzgesetze. Der Inhalt dieser Websites darf nicht zu kommerziellen Zwecken kopiert, verbreitet, ver\u00e4ndert oder Dritten zug\u00e4nglich gemacht werden. Die bereitgestellten Angaben gr\u00fcnden sich auf langj\u00e4hrige Erfahrungen in der Herstellung von Hydraulikdichtungen und werden&#8230;<\/p>\n","protected":false},"author":2,"featured_media":0,"parent":0,"menu_order":0,"comment_status":"closed","ping_status":"closed","template":"","meta":{"_acf_changed":false,"content-type":"","footnotes":""},"class_list":["post-4203","page","type-page","status-publish","hentry"],"acf":[],"yoast_head":"<!-- This site is optimized with the Yoast SEO plugin v24.7 - https:\/\/yoast.com\/wordpress\/plugins\/seo\/ -->\n<title>Rechtliche Hinweise - Hallite<\/title>\n<meta name=\"description\" content=\"Lesen Sie die Haftungsausschlusserkl\u00e4rung zu Informationen auf unserer Website und den Richtlinien bez\u00fcglich des Inhalts, der bereitgestellten Informationen und ihrer Verwendung.\" \/>\n<meta name=\"robots\" content=\"index, follow, max-snippet:-1, max-image-preview:large, max-video-preview:-1\" \/>\n<link rel=\"canonical\" href=\"https:\/\/hallite.com\/legal-statement\/\" \/>\n<meta property=\"og:locale\" content=\"de_DE\" \/>\n<meta property=\"og:type\" content=\"article\" \/>\n<meta property=\"og:title\" content=\"Rechtliche Hinweise - Hallite\" \/>\n<meta property=\"og:description\" content=\"Lesen Sie die Haftungsausschlusserkl\u00e4rung zu Informationen auf unserer Website und den Richtlinien bez\u00fcglich des Inhalts, der bereitgestellten Informationen und ihrer Verwendung.\" \/>\n<meta property=\"og:url\" content=\"https:\/\/hallite.com\/legal-statement\/\" \/>\n<meta property=\"og:site_name\" content=\"Hallite\" \/>\n<meta property=\"article:publisher\" content=\"https:\/\/www.facebook.com\/HalliteSealsInternational\" \/>\n<meta property=\"article:modified_time\" content=\"2021-11-09T10:30:41+00:00\" \/>\n<meta property=\"og:image\" content=\"https:\/\/hallite.com\/wp-content\/uploads\/2017\/02\/open-graph.png\" \/>\n\t<meta property=\"og:image:width\" content=\"1200\" \/>\n\t<meta property=\"og:image:height\" content=\"1200\" \/>\n\t<meta property=\"og:image:type\" content=\"image\/png\" \/>\n<meta name=\"twitter:card\" content=\"summary_large_image\" \/>\n<meta name=\"twitter:site\" content=\"@HalliteSeals\" \/>\n<meta name=\"twitter:label1\" content=\"Est. reading time\" \/>\n\t<meta name=\"twitter:data1\" content=\"1 minute\" \/>\n<script type=\"application\/ld+json\" class=\"yoast-schema-graph\">{\"@context\":\"https:\/\/schema.org\",\"@graph\":[{\"@type\":\"WebPage\",\"@id\":\"https:\/\/hallite.com\/legal-statement\/\",\"url\":\"https:\/\/hallite.com\/legal-statement\/\",\"name\":\"Rechtliche Hinweise - Hallite\",\"isPartOf\":{\"@id\":\"https:\/\/hallite.com\/us\/#website\"},\"datePublished\":\"2016-10-19T08:39:37+00:00\",\"dateModified\":\"2021-11-09T10:30:41+00:00\",\"description\":\"Lesen Sie die Haftungsausschlusserkl\u00e4rung zu Informationen auf unserer Website und den Richtlinien bez\u00fcglich des Inhalts, der bereitgestellten Informationen und ihrer Verwendung.\",\"breadcrumb\":{\"@id\":\"https:\/\/hallite.com\/legal-statement\/#breadcrumb\"},\"inLanguage\":\"de-DE\",\"potentialAction\":[{\"@type\":\"ReadAction\",\"target\":[\"https:\/\/hallite.com\/legal-statement\/\"]}]},{\"@type\":\"BreadcrumbList\",\"@id\":\"https:\/\/hallite.com\/legal-statement\/#breadcrumb\",\"itemListElement\":[{\"@type\":\"ListItem\",\"position\":1,\"name\":\"Home\",\"item\":\"https:\/\/hallite.com\/de\/\"},{\"@type\":\"ListItem\",\"position\":2,\"name\":\"Rechtliche Hinweise\"}]},{\"@type\":\"WebSite\",\"@id\":\"https:\/\/hallite.com\/us\/#website\",\"url\":\"https:\/\/hallite.com\/us\/\",\"name\":\"Hallite\",\"description\":\"\",\"potentialAction\":[{\"@type\":\"SearchAction\",\"target\":{\"@type\":\"EntryPoint\",\"urlTemplate\":\"https:\/\/hallite.com\/us\/?s={search_term_string}\"},\"query-input\":{\"@type\":\"PropertyValueSpecification\",\"valueRequired\":true,\"valueName\":\"search_term_string\"}}],\"inLanguage\":\"de-DE\"}]}<\/script>\n<!-- \/ Yoast SEO plugin. -->","yoast_head_json":{"title":"Rechtliche Hinweise - Hallite","description":"Lesen Sie die Haftungsausschlusserkl\u00e4rung zu Informationen auf unserer Website und den Richtlinien bez\u00fcglich des Inhalts, der bereitgestellten Informationen und ihrer Verwendung.","robots":{"index":"index","follow":"follow","max-snippet":"max-snippet:-1","max-image-preview":"max-image-preview:large","max-video-preview":"max-video-preview:-1"},"canonical":"https:\/\/hallite.com\/legal-statement\/","og_locale":"de_DE","og_type":"article","og_title":"Rechtliche Hinweise - Hallite","og_description":"Lesen Sie die Haftungsausschlusserkl\u00e4rung zu Informationen auf unserer Website und den Richtlinien bez\u00fcglich des Inhalts, der bereitgestellten Informationen und ihrer Verwendung.","og_url":"https:\/\/hallite.com\/legal-statement\/","og_site_name":"Hallite","article_publisher":"https:\/\/www.facebook.com\/HalliteSealsInternational","article_modified_time":"2021-11-09T10:30:41+00:00","og_image":[{"width":1200,"height":1200,"url":"https:\/\/hallite.com\/wp-content\/uploads\/2017\/02\/open-graph.png","type":"image\/png"}],"twitter_card":"summary_large_image","twitter_site":"@HalliteSeals","twitter_misc":{"Est. reading time":"1 minute"},"schema":{"@context":"https:\/\/schema.org","@graph":[{"@type":"WebPage","@id":"https:\/\/hallite.com\/legal-statement\/","url":"https:\/\/hallite.com\/legal-statement\/","name":"Rechtliche Hinweise - Hallite","isPartOf":{"@id":"https:\/\/hallite.com\/us\/#website"},"datePublished":"2016-10-19T08:39:37+00:00","dateModified":"2021-11-09T10:30:41+00:00","description":"Lesen Sie die Haftungsausschlusserkl\u00e4rung zu Informationen auf unserer Website und den Richtlinien bez\u00fcglich des Inhalts, der bereitgestellten Informationen und ihrer Verwendung.","breadcrumb":{"@id":"https:\/\/hallite.com\/legal-statement\/#breadcrumb"},"inLanguage":"de-DE","potentialAction":[{"@type":"ReadAction","target":["https:\/\/hallite.com\/legal-statement\/"]}]},{"@type":"BreadcrumbList","@id":"https:\/\/hallite.com\/legal-statement\/#breadcrumb","itemListElement":[{"@type":"ListItem","position":1,"name":"Home","item":"https:\/\/hallite.com\/de\/"},{"@type":"ListItem","position":2,"name":"Rechtliche Hinweise"}]},{"@type":"WebSite","@id":"https:\/\/hallite.com\/us\/#website","url":"https:\/\/hallite.com\/us\/","name":"Hallite","description":"","potentialAction":[{"@type":"SearchAction","target":{"@type":"EntryPoint","urlTemplate":"https:\/\/hallite.com\/us\/?s={search_term_string}"},"query-input":{"@type":"PropertyValueSpecification","valueRequired":true,"valueName":"search_term_string"}}],"inLanguage":"de-DE"}]}},"_links":{"self":[{"href":"https:\/\/hallite.com\/de\/wp-json\/wp\/v2\/pages\/4203","targetHints":{"allow":["GET"]}}],"collection":[{"href":"https:\/\/hallite.com\/de\/wp-json\/wp\/v2\/pages"}],"about":[{"href":"https:\/\/hallite.com\/de\/wp-json\/wp\/v2\/types\/page"}],"author":[{"embeddable":true,"href":"https:\/\/hallite.com\/de\/wp-json\/wp\/v2\/users\/2"}],"replies":[{"embeddable":true,"href":"https:\/\/hallite.com\/de\/wp-json\/wp\/v2\/comments?post=4203"}],"version-history":[{"count":2,"href":"https:\/\/hallite.com\/de\/wp-json\/wp\/v2\/pages\/4203\/revisions"}],"predecessor-version":[{"id":17012,"href":"https:\/\/hallite.com\/de\/wp-json\/wp\/v2\/pages\/4203\/revisions\/17012"}],"wp:attachment":[{"href":"https:\/\/hallite.com\/de\/wp-json\/wp\/v2\/media?parent=4203"}],"curies":[{"name":"wp","href":"https:\/\/api.w.org\/{rel}","templated":true}]}}