{"id":5206,"date":"2016-10-18T12:19:42","date_gmt":"2016-10-18T12:19:42","guid":{"rendered":"https:\/\/hallite.com\/hallite-service\/"},"modified":"2017-02-23T20:41:16","modified_gmt":"2017-02-23T20:41:16","slug":"hallite-service","status":"publish","type":"page","link":"https:\/\/hallite.com\/de\/hallite-service\/","title":{"rendered":"Hallite Service<sup>&reg;<\/sup>"},"content":{"rendered":"<p>Als einer der f\u00fchrenden Dichtungsanbieter in den Bereichen Fluidtechnik, Prozesstechnik und einer Vielzahl weiterer Industrien genie\u00dft Hallite eine hervorragende Reputation f\u00fcr seinen flexiblen und hochverf\u00fcgbaren Service, mit denen wir der stetig wachsenden Dynamik der weltweiten Industrien begegnen.<\/p>\n<p>Erg\u00e4nzend zu unserem exzellenten Standardprogramm bieten wir einen umfangreichen Service bei der Entwicklung kunden- und anwendungsspezifischer L\u00f6sungen, einschlie\u00dflich intensiver technischer Beratung durch unser erfahrenes Ingenieursteam und CAD\/CAM-Software.<\/p>\n<p>Hallite verf\u00fcgt \u00fcber au\u00dferordentlich umfangreiche M\u00f6glichkeiten und Kenntnisse zur Entwicklung spezifischer Produkte. Die Entwicklung erfolgt computergest\u00fctzt an Hand konkreter Aufgabenstellungen oder vorliegender Kundenzeichnungen.<\/p>\n<p>Hochleistungs-Dicht- und F\u00fchrungselemente f\u00fcr anspruchsvollste Anwendungen k\u00f6nnen im Durchmesserbereich von ca. 4 mm bis ca. 2.500 mm hergestellt werden. Daf\u00fcr steht eine umfassende Auswahl von Spezialwerkstoffen im Elastomer- und Kunststoffbereich zur Verf\u00fcgung. Nennen Sie uns Ihre Anforderungen und Spezifikationen und fordern Sie noch heute ein auf Ihren Bedarf abgestimmtes Angebot an.<\/p>\n<p style=\"text-align: left;\"><a class=\"large button button-strong\" tabindex=\"0\" href=\"https:\/\/hallite.com\/de\/produkte\/hallite-service\/\">Eine ma\u00dfgeschneiderte Dichtung anfragen<\/a><\/p>\n","protected":false},"excerpt":{"rendered":"<p>Als einer der f\u00fchrenden Dichtungsanbieter in den Bereichen Fluidtechnik, Prozesstechnik und einer Vielzahl weiterer Industrien genie\u00dft Hallite eine hervorragende Reputation f\u00fcr seinen flexiblen und hochverf\u00fcgbaren Service, mit denen wir der stetig wachsenden Dynamik der weltweiten Industrien begegnen. Erg\u00e4nzend zu unserem exzellenten Standardprogramm bieten wir einen umfangreichen Service bei der Entwicklung kunden- und anwendungsspezifischer L\u00f6sungen, einschlie\u00dflich&#8230;<\/p>\n","protected":false},"author":2,"featured_media":0,"parent":0,"menu_order":0,"comment_status":"closed","ping_status":"closed","template":"","meta":{"_acf_changed":false,"content-type":"","footnotes":""},"class_list":["post-5206","page","type-page","status-publish","hentry"],"acf":[],"yoast_head":"<!-- This site is optimized with the Yoast SEO plugin v24.7 - https:\/\/yoast.com\/wordpress\/plugins\/seo\/ -->\n<title>Custom Seal Manufacturer - Silicone Seal Design - Hallite<\/title>\n<meta name=\"robots\" content=\"index, follow, max-snippet:-1, max-image-preview:large, max-video-preview:-1\" \/>\n<link rel=\"canonical\" href=\"https:\/\/hallite.com\/de\/hallite-service\/\" \/>\n<meta property=\"og:locale\" content=\"de_DE\" \/>\n<meta property=\"og:type\" content=\"article\" \/>\n<meta property=\"og:title\" content=\"Custom Seal Manufacturer - Silicone Seal Design - Hallite\" \/>\n<meta property=\"og:description\" content=\"Als einer der f\u00fchrenden Dichtungsanbieter in den Bereichen Fluidtechnik, Prozesstechnik und einer Vielzahl weiterer Industrien genie\u00dft Hallite eine hervorragende Reputation f\u00fcr seinen flexiblen und hochverf\u00fcgbaren Service, mit denen wir der stetig wachsenden Dynamik der weltweiten Industrien begegnen. Erg\u00e4nzend zu unserem exzellenten Standardprogramm bieten wir einen umfangreichen Service bei der Entwicklung kunden- und anwendungsspezifischer L\u00f6sungen, einschlie\u00dflich...\" \/>\n<meta property=\"og:url\" content=\"https:\/\/hallite.com\/de\/hallite-service\/\" \/>\n<meta property=\"og:site_name\" content=\"Hallite\" \/>\n<meta property=\"article:publisher\" content=\"https:\/\/www.facebook.com\/HalliteSealsInternational\" \/>\n<meta property=\"article:modified_time\" content=\"2017-02-23T20:41:16+00:00\" \/>\n<meta property=\"og:image\" content=\"https:\/\/hallite.com\/wp-content\/uploads\/2017\/02\/open-graph.png\" \/>\n\t<meta property=\"og:image:width\" content=\"1200\" \/>\n\t<meta property=\"og:image:height\" content=\"1200\" \/>\n\t<meta property=\"og:image:type\" content=\"image\/png\" \/>\n<meta name=\"twitter:card\" content=\"summary_large_image\" \/>\n<meta name=\"twitter:site\" content=\"@HalliteSeals\" \/>\n<meta name=\"twitter:label1\" content=\"Est. reading time\" \/>\n\t<meta name=\"twitter:data1\" content=\"1 minute\" \/>\n<script type=\"application\/ld+json\" class=\"yoast-schema-graph\">{\"@context\":\"https:\/\/schema.org\",\"@graph\":[{\"@type\":\"WebPage\",\"@id\":\"https:\/\/hallite.com\/de\/hallite-service\/\",\"url\":\"https:\/\/hallite.com\/de\/hallite-service\/\",\"name\":\"Custom Seal Manufacturer - Silicone Seal Design - Hallite\",\"isPartOf\":{\"@id\":\"https:\/\/hallite.com\/us\/#website\"},\"datePublished\":\"2016-10-18T12:19:42+00:00\",\"dateModified\":\"2017-02-23T20:41:16+00:00\",\"breadcrumb\":{\"@id\":\"https:\/\/hallite.com\/de\/hallite-service\/#breadcrumb\"},\"inLanguage\":\"de-DE\",\"potentialAction\":[{\"@type\":\"ReadAction\",\"target\":[\"https:\/\/hallite.com\/de\/hallite-service\/\"]}]},{\"@type\":\"BreadcrumbList\",\"@id\":\"https:\/\/hallite.com\/de\/hallite-service\/#breadcrumb\",\"itemListElement\":[{\"@type\":\"ListItem\",\"position\":1,\"name\":\"Home\",\"item\":\"https:\/\/hallite.com\/de\/\"},{\"@type\":\"ListItem\",\"position\":2,\"name\":\"Hallite Service&reg;\"}]},{\"@type\":\"WebSite\",\"@id\":\"https:\/\/hallite.com\/us\/#website\",\"url\":\"https:\/\/hallite.com\/us\/\",\"name\":\"Hallite\",\"description\":\"\",\"potentialAction\":[{\"@type\":\"SearchAction\",\"target\":{\"@type\":\"EntryPoint\",\"urlTemplate\":\"https:\/\/hallite.com\/us\/?s={search_term_string}\"},\"query-input\":{\"@type\":\"PropertyValueSpecification\",\"valueRequired\":true,\"valueName\":\"search_term_string\"}}],\"inLanguage\":\"de-DE\"}]}<\/script>\n<!-- \/ Yoast SEO plugin. -->","yoast_head_json":{"title":"Custom Seal Manufacturer - Silicone Seal Design - Hallite","robots":{"index":"index","follow":"follow","max-snippet":"max-snippet:-1","max-image-preview":"max-image-preview:large","max-video-preview":"max-video-preview:-1"},"canonical":"https:\/\/hallite.com\/de\/hallite-service\/","og_locale":"de_DE","og_type":"article","og_title":"Custom Seal Manufacturer - Silicone Seal Design - Hallite","og_description":"Als einer der f\u00fchrenden Dichtungsanbieter in den Bereichen Fluidtechnik, Prozesstechnik und einer Vielzahl weiterer Industrien genie\u00dft Hallite eine hervorragende Reputation f\u00fcr seinen flexiblen und hochverf\u00fcgbaren Service, mit denen wir der stetig wachsenden Dynamik der weltweiten Industrien begegnen. Erg\u00e4nzend zu unserem exzellenten Standardprogramm bieten wir einen umfangreichen Service bei der Entwicklung kunden- und anwendungsspezifischer L\u00f6sungen, einschlie\u00dflich...","og_url":"https:\/\/hallite.com\/de\/hallite-service\/","og_site_name":"Hallite","article_publisher":"https:\/\/www.facebook.com\/HalliteSealsInternational","article_modified_time":"2017-02-23T20:41:16+00:00","og_image":[{"width":1200,"height":1200,"url":"https:\/\/hallite.com\/wp-content\/uploads\/2017\/02\/open-graph.png","type":"image\/png"}],"twitter_card":"summary_large_image","twitter_site":"@HalliteSeals","twitter_misc":{"Est. reading time":"1 minute"},"schema":{"@context":"https:\/\/schema.org","@graph":[{"@type":"WebPage","@id":"https:\/\/hallite.com\/de\/hallite-service\/","url":"https:\/\/hallite.com\/de\/hallite-service\/","name":"Custom Seal Manufacturer - Silicone Seal Design - Hallite","isPartOf":{"@id":"https:\/\/hallite.com\/us\/#website"},"datePublished":"2016-10-18T12:19:42+00:00","dateModified":"2017-02-23T20:41:16+00:00","breadcrumb":{"@id":"https:\/\/hallite.com\/de\/hallite-service\/#breadcrumb"},"inLanguage":"de-DE","potentialAction":[{"@type":"ReadAction","target":["https:\/\/hallite.com\/de\/hallite-service\/"]}]},{"@type":"BreadcrumbList","@id":"https:\/\/hallite.com\/de\/hallite-service\/#breadcrumb","itemListElement":[{"@type":"ListItem","position":1,"name":"Home","item":"https:\/\/hallite.com\/de\/"},{"@type":"ListItem","position":2,"name":"Hallite Service&reg;"}]},{"@type":"WebSite","@id":"https:\/\/hallite.com\/us\/#website","url":"https:\/\/hallite.com\/us\/","name":"Hallite","description":"","potentialAction":[{"@type":"SearchAction","target":{"@type":"EntryPoint","urlTemplate":"https:\/\/hallite.com\/us\/?s={search_term_string}"},"query-input":{"@type":"PropertyValueSpecification","valueRequired":true,"valueName":"search_term_string"}}],"inLanguage":"de-DE"}]}},"_links":{"self":[{"href":"https:\/\/hallite.com\/de\/wp-json\/wp\/v2\/pages\/5206","targetHints":{"allow":["GET"]}}],"collection":[{"href":"https:\/\/hallite.com\/de\/wp-json\/wp\/v2\/pages"}],"about":[{"href":"https:\/\/hallite.com\/de\/wp-json\/wp\/v2\/types\/page"}],"author":[{"embeddable":true,"href":"https:\/\/hallite.com\/de\/wp-json\/wp\/v2\/users\/2"}],"replies":[{"embeddable":true,"href":"https:\/\/hallite.com\/de\/wp-json\/wp\/v2\/comments?post=5206"}],"version-history":[{"count":0,"href":"https:\/\/hallite.com\/de\/wp-json\/wp\/v2\/pages\/5206\/revisions"}],"wp:attachment":[{"href":"https:\/\/hallite.com\/de\/wp-json\/wp\/v2\/media?parent=5206"}],"curies":[{"name":"wp","href":"https:\/\/api.w.org\/{rel}","templated":true}]}}