{"id":9677,"date":"2018-05-22T10:17:51","date_gmt":"2018-05-22T09:17:51","guid":{"rendered":"https:\/\/hallite.com\/?page_id=9677"},"modified":"2021-11-19T11:08:44","modified_gmt":"2021-11-19T11:08:44","slug":"thank-you-reconfirm-consent-de","status":"publish","type":"page","link":"https:\/\/hallite.com\/de\/thank-you-reconfirm-consent-de\/","title":{"rendered":"Vielen Dank"},"content":{"rendered":"<p>Als Kunde in unserer Datenbank geh\u00f6ren Sie immer zu den ersten, die \u00fcber die Entwicklungen bei Hallite informiert werden.<\/p>\n<p>Selbstverst\u00e4ndlich k\u00f6nnen Sie jederzeit online unsere Datenschutzerkl\u00e4rung einsehen. Ferner erhalten Sie Informationen, wie wir mit personenbezogenen Daten umgehen.<\/p>\n","protected":false},"excerpt":{"rendered":"<p>Als Kunde in unserer Datenbank geh\u00f6ren Sie immer zu den ersten, die \u00fcber die Entwicklungen bei Hallite informiert werden. Selbstverst\u00e4ndlich k\u00f6nnen Sie jederzeit online unsere Datenschutzerkl\u00e4rung einsehen. Ferner erhalten Sie Informationen, wie wir mit personenbezogenen Daten umgehen.<\/p>\n","protected":false},"author":6,"featured_media":0,"parent":0,"menu_order":0,"comment_status":"closed","ping_status":"closed","template":"","meta":{"_acf_changed":false,"content-type":"","footnotes":""},"class_list":["post-9677","page","type-page","status-publish","hentry"],"acf":[],"yoast_head":"<!-- This site is optimized with the Yoast SEO plugin v24.7 - https:\/\/yoast.com\/wordpress\/plugins\/seo\/ -->\n<title>Vielen Dank - Hallite<\/title>\n<meta name=\"description\" content=\"Wenn Sie in unserer Datenbank bleiben, werden Sie als Erster \u00fcber neue Entwicklungen und den Wert informiert, den sie f\u00fcr Ihr Unternehmen bringen k\u00f6nnen.\" \/>\n<meta name=\"robots\" content=\"index, follow, max-snippet:-1, max-image-preview:large, max-video-preview:-1\" \/>\n<link rel=\"canonical\" href=\"https:\/\/hallite.com\/thank-you-reconfirm-consent\/\" \/>\n<meta property=\"og:locale\" content=\"de_DE\" \/>\n<meta property=\"og:type\" content=\"article\" \/>\n<meta property=\"og:title\" content=\"Vielen Dank - Hallite\" \/>\n<meta property=\"og:description\" content=\"Wenn Sie in unserer Datenbank bleiben, werden Sie als Erster \u00fcber neue Entwicklungen und den Wert informiert, den sie f\u00fcr Ihr Unternehmen bringen k\u00f6nnen.\" \/>\n<meta property=\"og:url\" content=\"https:\/\/hallite.com\/thank-you-reconfirm-consent\/\" \/>\n<meta property=\"og:site_name\" content=\"Hallite\" \/>\n<meta property=\"article:publisher\" content=\"https:\/\/www.facebook.com\/HalliteSealsInternational\" \/>\n<meta property=\"article:modified_time\" content=\"2021-11-19T11:08:44+00:00\" \/>\n<meta property=\"og:image\" content=\"https:\/\/hallite.com\/wp-content\/uploads\/2017\/02\/open-graph.png\" \/>\n\t<meta property=\"og:image:width\" content=\"1200\" \/>\n\t<meta property=\"og:image:height\" content=\"1200\" \/>\n\t<meta property=\"og:image:type\" content=\"image\/png\" \/>\n<meta name=\"twitter:card\" content=\"summary_large_image\" \/>\n<meta name=\"twitter:site\" content=\"@HalliteSeals\" \/>\n<script type=\"application\/ld+json\" class=\"yoast-schema-graph\">{\"@context\":\"https:\/\/schema.org\",\"@graph\":[{\"@type\":\"WebPage\",\"@id\":\"https:\/\/hallite.com\/thank-you-reconfirm-consent\/\",\"url\":\"https:\/\/hallite.com\/thank-you-reconfirm-consent\/\",\"name\":\"Vielen Dank - Hallite\",\"isPartOf\":{\"@id\":\"https:\/\/hallite.com\/us\/#website\"},\"datePublished\":\"2018-05-22T09:17:51+00:00\",\"dateModified\":\"2021-11-19T11:08:44+00:00\",\"description\":\"Wenn Sie in unserer Datenbank bleiben, werden Sie als Erster \u00fcber neue Entwicklungen und den Wert informiert, den sie f\u00fcr Ihr Unternehmen bringen k\u00f6nnen.\",\"breadcrumb\":{\"@id\":\"https:\/\/hallite.com\/thank-you-reconfirm-consent\/#breadcrumb\"},\"inLanguage\":\"de-DE\",\"potentialAction\":[{\"@type\":\"ReadAction\",\"target\":[\"https:\/\/hallite.com\/thank-you-reconfirm-consent\/\"]}]},{\"@type\":\"BreadcrumbList\",\"@id\":\"https:\/\/hallite.com\/thank-you-reconfirm-consent\/#breadcrumb\",\"itemListElement\":[{\"@type\":\"ListItem\",\"position\":1,\"name\":\"Home\",\"item\":\"https:\/\/hallite.com\/de\/\"},{\"@type\":\"ListItem\",\"position\":2,\"name\":\"Vielen Dank\"}]},{\"@type\":\"WebSite\",\"@id\":\"https:\/\/hallite.com\/us\/#website\",\"url\":\"https:\/\/hallite.com\/us\/\",\"name\":\"Hallite\",\"description\":\"\",\"potentialAction\":[{\"@type\":\"SearchAction\",\"target\":{\"@type\":\"EntryPoint\",\"urlTemplate\":\"https:\/\/hallite.com\/us\/?s={search_term_string}\"},\"query-input\":{\"@type\":\"PropertyValueSpecification\",\"valueRequired\":true,\"valueName\":\"search_term_string\"}}],\"inLanguage\":\"de-DE\"}]}<\/script>\n<!-- \/ Yoast SEO plugin. -->","yoast_head_json":{"title":"Vielen Dank - Hallite","description":"Wenn Sie in unserer Datenbank bleiben, werden Sie als Erster \u00fcber neue Entwicklungen und den Wert informiert, den sie f\u00fcr Ihr Unternehmen bringen k\u00f6nnen.","robots":{"index":"index","follow":"follow","max-snippet":"max-snippet:-1","max-image-preview":"max-image-preview:large","max-video-preview":"max-video-preview:-1"},"canonical":"https:\/\/hallite.com\/thank-you-reconfirm-consent\/","og_locale":"de_DE","og_type":"article","og_title":"Vielen Dank - Hallite","og_description":"Wenn Sie in unserer Datenbank bleiben, werden Sie als Erster \u00fcber neue Entwicklungen und den Wert informiert, den sie f\u00fcr Ihr Unternehmen bringen k\u00f6nnen.","og_url":"https:\/\/hallite.com\/thank-you-reconfirm-consent\/","og_site_name":"Hallite","article_publisher":"https:\/\/www.facebook.com\/HalliteSealsInternational","article_modified_time":"2021-11-19T11:08:44+00:00","og_image":[{"width":1200,"height":1200,"url":"https:\/\/hallite.com\/wp-content\/uploads\/2017\/02\/open-graph.png","type":"image\/png"}],"twitter_card":"summary_large_image","twitter_site":"@HalliteSeals","schema":{"@context":"https:\/\/schema.org","@graph":[{"@type":"WebPage","@id":"https:\/\/hallite.com\/thank-you-reconfirm-consent\/","url":"https:\/\/hallite.com\/thank-you-reconfirm-consent\/","name":"Vielen Dank - Hallite","isPartOf":{"@id":"https:\/\/hallite.com\/us\/#website"},"datePublished":"2018-05-22T09:17:51+00:00","dateModified":"2021-11-19T11:08:44+00:00","description":"Wenn Sie in unserer Datenbank bleiben, werden Sie als Erster \u00fcber neue Entwicklungen und den Wert informiert, den sie f\u00fcr Ihr Unternehmen bringen k\u00f6nnen.","breadcrumb":{"@id":"https:\/\/hallite.com\/thank-you-reconfirm-consent\/#breadcrumb"},"inLanguage":"de-DE","potentialAction":[{"@type":"ReadAction","target":["https:\/\/hallite.com\/thank-you-reconfirm-consent\/"]}]},{"@type":"BreadcrumbList","@id":"https:\/\/hallite.com\/thank-you-reconfirm-consent\/#breadcrumb","itemListElement":[{"@type":"ListItem","position":1,"name":"Home","item":"https:\/\/hallite.com\/de\/"},{"@type":"ListItem","position":2,"name":"Vielen Dank"}]},{"@type":"WebSite","@id":"https:\/\/hallite.com\/us\/#website","url":"https:\/\/hallite.com\/us\/","name":"Hallite","description":"","potentialAction":[{"@type":"SearchAction","target":{"@type":"EntryPoint","urlTemplate":"https:\/\/hallite.com\/us\/?s={search_term_string}"},"query-input":{"@type":"PropertyValueSpecification","valueRequired":true,"valueName":"search_term_string"}}],"inLanguage":"de-DE"}]}},"_links":{"self":[{"href":"https:\/\/hallite.com\/de\/wp-json\/wp\/v2\/pages\/9677","targetHints":{"allow":["GET"]}}],"collection":[{"href":"https:\/\/hallite.com\/de\/wp-json\/wp\/v2\/pages"}],"about":[{"href":"https:\/\/hallite.com\/de\/wp-json\/wp\/v2\/types\/page"}],"author":[{"embeddable":true,"href":"https:\/\/hallite.com\/de\/wp-json\/wp\/v2\/users\/6"}],"replies":[{"embeddable":true,"href":"https:\/\/hallite.com\/de\/wp-json\/wp\/v2\/comments?post=9677"}],"version-history":[{"count":1,"href":"https:\/\/hallite.com\/de\/wp-json\/wp\/v2\/pages\/9677\/revisions"}],"predecessor-version":[{"id":16950,"href":"https:\/\/hallite.com\/de\/wp-json\/wp\/v2\/pages\/9677\/revisions\/16950"}],"wp:attachment":[{"href":"https:\/\/hallite.com\/de\/wp-json\/wp\/v2\/media?parent=9677"}],"curies":[{"name":"wp","href":"https:\/\/api.w.org\/{rel}","templated":true}]}}