{"id":4202,"date":"2016-10-19T08:39:37","date_gmt":"2016-10-19T08:39:37","guid":{"rendered":"https:\/\/hallite.com\/legal-statement\/"},"modified":"2017-02-21T18:50:13","modified_gmt":"2017-02-21T18:50:13","slug":"declaration-juridique","status":"publish","type":"page","link":"https:\/\/hallite.com\/fr\/declaration-juridique\/","title":{"rendered":"D\u00e9claration juridique"},"content":{"rendered":"<p>Hallite Seals International d\u00e9tient le droit d&#8217;auteur concernant les informations contenues sur cette page internet, nous autorisant \u00e0 afficher ces derni\u00e8res.<\/p>\n<p>Aucunes des informations provenant du site internet, de toute section ou de toute page de ce site internet, ne peuvent \u00eatre distribu\u00e9es, copi\u00e9es ou reproduites, \u00e0 des fins commerciales ou autres et vous ne pouvez utiliser ces informations que pour votre utilisation personnelle.<\/p>\n<p>Il vous est \u00e9galement interdit de recueillir les informations sur notre site Internet afin de les int\u00e9grer dans votre propre base de donn\u00e9es ou produits. Il vous est \u00e9galement interdit d\u2019associer les pages de notre site internet \u00e0 votre propre site internet ou d\u2019un autre site internet de quelques mani\u00e8res que ce soit sans le consentement expresse \u00e9crit de Hallite Seals International. Si vous enfreignez ces r\u00e8gles, nous serions dans l\u2019obligation de vous mettre en demeure de violation des droits de propri\u00e9t\u00e9 intellectuelle \u00e0 l\u2019information et nous nous r\u00e9servons le droit de prendre toutes mesures pour d\u00e9fendre nos droits, ce qui peut impliquer une proc\u00e9dure d\u2019injonction.<\/p>\n<p>Les informations issues de ce site internet, de toute section ou de toute page de ce site internet ont \u00e9t\u00e9 compil\u00e9es \u00e0 partir de sources jug\u00e9es fiables mais aucune garantie, expresse ou implicite, n\u2019est donn\u00e9e que les informations sont exactes ou compl\u00e8tes, ni qu\u2019elles sont aptes \u00e0 un usage particulier. Toutes ces garanties sont express\u00e9ment exclues ou rejet\u00e9es. Les opinions, conseils et pr\u00e9visions fournis ne sont pas n\u00e9cessairement les opinions, les recommandations et les pr\u00e9visions actuelles des contributeurs et peuvent \u00eatre modifi\u00e9s \u00e0 tout moment.<\/p>\n<p>Ni Hallite Seals International ni aucun repr\u00e9sentant, agent ou employ\u00e9 ni aucune partie li\u00e9e \u00e0 la soci\u00e9t\u00e9 ne seront redevables envers un utilisateur de cette page internet, de toute section ou de toute page de ce site internet ou \u00e0 un tiers pour toute perte ou dommage d\u00e9coulant de l&#8217;information ou des actions prises ou non en r\u00e9ponse \u00e0 des informations ou de l&#8217;utilisation (ou incapacit\u00e9 d&#8217;utiliser) ce service.<\/p>\n<p>Hallite Seals International et ses soci\u00e9t\u00e9s li\u00e9es, les dirigeants et\/ou les employ\u00e9s de ces soci\u00e9t\u00e9s, peuvent d\u00e9tenir une position, ou s\u2019engager dans des transactions sur l&#8217;un des titres mentionn\u00e9s ou sur l\u2019un des titres apparent\u00e9s.<\/p>\n<p>Rien sur ce site ne doit \u00eatre consid\u00e9r\u00e9 comme une incitation \u00e0 toute personne d&#8217;investir ou de n\u00e9gocier des actions dans toute soci\u00e9t\u00e9.<\/p>\n","protected":false},"excerpt":{"rendered":"<p>Hallite Seals International d\u00e9tient le droit d&#8217;auteur concernant les informations contenues sur cette page internet, nous autorisant \u00e0 afficher ces derni\u00e8res. Aucunes des informations provenant du site internet, de toute section ou de toute page de ce site internet, ne peuvent \u00eatre distribu\u00e9es, copi\u00e9es ou reproduites, \u00e0 des fins commerciales ou autres et vous ne&#8230;<\/p>\n","protected":false},"author":2,"featured_media":0,"parent":0,"menu_order":0,"comment_status":"closed","ping_status":"closed","template":"","meta":{"_acf_changed":false,"content-type":"","footnotes":""},"class_list":["post-4202","page","type-page","status-publish","hentry"],"acf":[],"yoast_head":"<!-- This site is optimized with the Yoast SEO plugin v24.7 - https:\/\/yoast.com\/wordpress\/plugins\/seo\/ -->\n<title>D\u00e9claration juridique - Hallite<\/title>\n<meta name=\"robots\" content=\"index, follow, max-snippet:-1, max-image-preview:large, max-video-preview:-1\" \/>\n<link rel=\"canonical\" href=\"https:\/\/hallite.com\/fr\/declaration-juridique\/\" \/>\n<meta property=\"og:locale\" content=\"fr_FR\" \/>\n<meta property=\"og:type\" content=\"article\" \/>\n<meta property=\"og:title\" content=\"D\u00e9claration juridique - Hallite\" \/>\n<meta property=\"og:description\" content=\"Hallite Seals International d\u00e9tient le droit d&#8217;auteur concernant les informations contenues sur cette page internet, nous autorisant \u00e0 afficher ces derni\u00e8res. Aucunes des informations provenant du site internet, de toute section ou de toute page de ce site internet, ne peuvent \u00eatre distribu\u00e9es, copi\u00e9es ou reproduites, \u00e0 des fins commerciales ou autres et vous ne...\" \/>\n<meta property=\"og:url\" content=\"https:\/\/hallite.com\/fr\/declaration-juridique\/\" \/>\n<meta property=\"og:site_name\" content=\"Hallite\" \/>\n<meta property=\"article:publisher\" content=\"https:\/\/www.facebook.com\/HalliteSealsInternational\" \/>\n<meta property=\"article:modified_time\" content=\"2017-02-21T18:50:13+00:00\" \/>\n<meta property=\"og:image\" content=\"https:\/\/hallite.com\/wp-content\/uploads\/2017\/02\/open-graph.png\" \/>\n\t<meta property=\"og:image:width\" content=\"1200\" \/>\n\t<meta property=\"og:image:height\" content=\"1200\" \/>\n\t<meta property=\"og:image:type\" content=\"image\/png\" \/>\n<meta name=\"twitter:card\" content=\"summary_large_image\" \/>\n<meta name=\"twitter:site\" content=\"@HalliteSeals\" \/>\n<meta name=\"twitter:label1\" content=\"Est. reading time\" \/>\n\t<meta name=\"twitter:data1\" content=\"2 minutes\" \/>\n<script type=\"application\/ld+json\" class=\"yoast-schema-graph\">{\"@context\":\"https:\/\/schema.org\",\"@graph\":[{\"@type\":\"WebPage\",\"@id\":\"https:\/\/hallite.com\/fr\/declaration-juridique\/\",\"url\":\"https:\/\/hallite.com\/fr\/declaration-juridique\/\",\"name\":\"D\u00e9claration juridique - Hallite\",\"isPartOf\":{\"@id\":\"https:\/\/hallite.com\/us\/#website\"},\"datePublished\":\"2016-10-19T08:39:37+00:00\",\"dateModified\":\"2017-02-21T18:50:13+00:00\",\"breadcrumb\":{\"@id\":\"https:\/\/hallite.com\/fr\/declaration-juridique\/#breadcrumb\"},\"inLanguage\":\"fr-FR\",\"potentialAction\":[{\"@type\":\"ReadAction\",\"target\":[\"https:\/\/hallite.com\/fr\/declaration-juridique\/\"]}]},{\"@type\":\"BreadcrumbList\",\"@id\":\"https:\/\/hallite.com\/fr\/declaration-juridique\/#breadcrumb\",\"itemListElement\":[{\"@type\":\"ListItem\",\"position\":1,\"name\":\"Home\",\"item\":\"https:\/\/hallite.com\/fr\/\"},{\"@type\":\"ListItem\",\"position\":2,\"name\":\"D\u00e9claration juridique\"}]},{\"@type\":\"WebSite\",\"@id\":\"https:\/\/hallite.com\/us\/#website\",\"url\":\"https:\/\/hallite.com\/us\/\",\"name\":\"Hallite\",\"description\":\"\",\"potentialAction\":[{\"@type\":\"SearchAction\",\"target\":{\"@type\":\"EntryPoint\",\"urlTemplate\":\"https:\/\/hallite.com\/us\/?s={search_term_string}\"},\"query-input\":{\"@type\":\"PropertyValueSpecification\",\"valueRequired\":true,\"valueName\":\"search_term_string\"}}],\"inLanguage\":\"fr-FR\"}]}<\/script>\n<!-- \/ Yoast SEO plugin. -->","yoast_head_json":{"title":"D\u00e9claration juridique - Hallite","robots":{"index":"index","follow":"follow","max-snippet":"max-snippet:-1","max-image-preview":"max-image-preview:large","max-video-preview":"max-video-preview:-1"},"canonical":"https:\/\/hallite.com\/fr\/declaration-juridique\/","og_locale":"fr_FR","og_type":"article","og_title":"D\u00e9claration juridique - Hallite","og_description":"Hallite Seals International d\u00e9tient le droit d&#8217;auteur concernant les informations contenues sur cette page internet, nous autorisant \u00e0 afficher ces derni\u00e8res. Aucunes des informations provenant du site internet, de toute section ou de toute page de ce site internet, ne peuvent \u00eatre distribu\u00e9es, copi\u00e9es ou reproduites, \u00e0 des fins commerciales ou autres et vous ne...","og_url":"https:\/\/hallite.com\/fr\/declaration-juridique\/","og_site_name":"Hallite","article_publisher":"https:\/\/www.facebook.com\/HalliteSealsInternational","article_modified_time":"2017-02-21T18:50:13+00:00","og_image":[{"width":1200,"height":1200,"url":"https:\/\/hallite.com\/wp-content\/uploads\/2017\/02\/open-graph.png","type":"image\/png"}],"twitter_card":"summary_large_image","twitter_site":"@HalliteSeals","twitter_misc":{"Est. reading time":"2 minutes"},"schema":{"@context":"https:\/\/schema.org","@graph":[{"@type":"WebPage","@id":"https:\/\/hallite.com\/fr\/declaration-juridique\/","url":"https:\/\/hallite.com\/fr\/declaration-juridique\/","name":"D\u00e9claration juridique - Hallite","isPartOf":{"@id":"https:\/\/hallite.com\/us\/#website"},"datePublished":"2016-10-19T08:39:37+00:00","dateModified":"2017-02-21T18:50:13+00:00","breadcrumb":{"@id":"https:\/\/hallite.com\/fr\/declaration-juridique\/#breadcrumb"},"inLanguage":"fr-FR","potentialAction":[{"@type":"ReadAction","target":["https:\/\/hallite.com\/fr\/declaration-juridique\/"]}]},{"@type":"BreadcrumbList","@id":"https:\/\/hallite.com\/fr\/declaration-juridique\/#breadcrumb","itemListElement":[{"@type":"ListItem","position":1,"name":"Home","item":"https:\/\/hallite.com\/fr\/"},{"@type":"ListItem","position":2,"name":"D\u00e9claration juridique"}]},{"@type":"WebSite","@id":"https:\/\/hallite.com\/us\/#website","url":"https:\/\/hallite.com\/us\/","name":"Hallite","description":"","potentialAction":[{"@type":"SearchAction","target":{"@type":"EntryPoint","urlTemplate":"https:\/\/hallite.com\/us\/?s={search_term_string}"},"query-input":{"@type":"PropertyValueSpecification","valueRequired":true,"valueName":"search_term_string"}}],"inLanguage":"fr-FR"}]}},"_links":{"self":[{"href":"https:\/\/hallite.com\/fr\/wp-json\/wp\/v2\/pages\/4202","targetHints":{"allow":["GET"]}}],"collection":[{"href":"https:\/\/hallite.com\/fr\/wp-json\/wp\/v2\/pages"}],"about":[{"href":"https:\/\/hallite.com\/fr\/wp-json\/wp\/v2\/types\/page"}],"author":[{"embeddable":true,"href":"https:\/\/hallite.com\/fr\/wp-json\/wp\/v2\/users\/2"}],"replies":[{"embeddable":true,"href":"https:\/\/hallite.com\/fr\/wp-json\/wp\/v2\/comments?post=4202"}],"version-history":[{"count":0,"href":"https:\/\/hallite.com\/fr\/wp-json\/wp\/v2\/pages\/4202\/revisions"}],"wp:attachment":[{"href":"https:\/\/hallite.com\/fr\/wp-json\/wp\/v2\/media?parent=4202"}],"curies":[{"name":"wp","href":"https:\/\/api.w.org\/{rel}","templated":true}]}}