{"id":5205,"date":"2016-10-18T12:19:42","date_gmt":"2016-10-18T12:19:42","guid":{"rendered":"https:\/\/hallite.com\/hallite-service\/"},"modified":"2017-02-23T20:48:03","modified_gmt":"2017-02-23T20:48:03","slug":"hallite-service","status":"publish","type":"page","link":"https:\/\/hallite.com\/fr\/hallite-service\/","title":{"rendered":"Hallite Service<sup>&reg;<\/sup>"},"content":{"rendered":"<p>Etant un fournisseur important dans le secteur hydraulique, des proced\u00e9s et d&#8217;autres industries, Hallite est fi\u00e8re d&#8217;avoir acquis une r\u00e9putation de r\u00e9ponse rapide et un service adapt\u00e9 aux \u00e9volutions de l&#8217;industrie.<\/p>\n<p>En compl\u00e9ment de notre large gamme de produits moul\u00e9s et stock\u00e9s, nous offrons un service de joints usin\u00e9s et dessin\u00e9s gr\u00e2ce \u00e0 notre syst\u00e8me CAD\/CAM et l&#8217;exp\u00e9rience technique de notre \u00e9quipe d&#8217;ing\u00e9nieurs.<\/p>\n<p>Hallite poss\u00e8de la capacit\u00e9 de produire un nombre de profils infinis, provenant de notre logiciel informatique, de plans clients ou de solutions \u00e9labor\u00e9es par nos ing\u00e9nieurs.<\/p>\n<p>Nos produits, qui comprennent toute une gamme de joints d&#8217;\u00e9tanchi\u00e9t\u00e9 haute performance peuvent \u00eatre fabriqu\u00e9s de 6.35 mm jusqu&#8217;\u00e0 1320 mm, dans des \u00e9lastom\u00e8res standards ou sur mesure et \u00e9galement des plastiques de haute performance. Soumettez votre sp\u00e9cification et application en ligne aujourd&#8217;hui pour obtenir une \u00e9tude r\u00e9pondant \u00e0 vos besoins.<\/p>\n<p style=\"text-align: left;\"><a class=\"large button button-strong\" tabindex=\"0\" href=\"https:\/\/hallite.com\/fr\/produits\/joints-usines\/\">Soumettre une demande de joint usin\u00e9<\/a><\/p>\n","protected":false},"excerpt":{"rendered":"<p>Etant un fournisseur important dans le secteur hydraulique, des proced\u00e9s et d&#8217;autres industries, Hallite est fi\u00e8re d&#8217;avoir acquis une r\u00e9putation de r\u00e9ponse rapide et un service adapt\u00e9 aux \u00e9volutions de l&#8217;industrie. En compl\u00e9ment de notre large gamme de produits moul\u00e9s et stock\u00e9s, nous offrons un service de joints usin\u00e9s et dessin\u00e9s gr\u00e2ce \u00e0 notre syst\u00e8me&#8230;<\/p>\n","protected":false},"author":2,"featured_media":0,"parent":0,"menu_order":0,"comment_status":"closed","ping_status":"closed","template":"","meta":{"_acf_changed":false,"content-type":"","footnotes":""},"class_list":["post-5205","page","type-page","status-publish","hentry"],"acf":[],"yoast_head":"<!-- This site is optimized with the Yoast SEO plugin v24.7 - https:\/\/yoast.com\/wordpress\/plugins\/seo\/ -->\n<title>Custom Seal Manufacturer - Silicone Seal Design - Hallite<\/title>\n<meta name=\"robots\" content=\"index, follow, max-snippet:-1, max-image-preview:large, max-video-preview:-1\" \/>\n<link rel=\"canonical\" href=\"https:\/\/hallite.com\/fr\/hallite-service\/\" \/>\n<meta property=\"og:locale\" content=\"fr_FR\" \/>\n<meta property=\"og:type\" content=\"article\" \/>\n<meta property=\"og:title\" content=\"Custom Seal Manufacturer - Silicone Seal Design - Hallite\" \/>\n<meta property=\"og:description\" content=\"Etant un fournisseur important dans le secteur hydraulique, des proced\u00e9s et d&#8217;autres industries, Hallite est fi\u00e8re d&#8217;avoir acquis une r\u00e9putation de r\u00e9ponse rapide et un service adapt\u00e9 aux \u00e9volutions de l&#8217;industrie. En compl\u00e9ment de notre large gamme de produits moul\u00e9s et stock\u00e9s, nous offrons un service de joints usin\u00e9s et dessin\u00e9s gr\u00e2ce \u00e0 notre syst\u00e8me...\" \/>\n<meta property=\"og:url\" content=\"https:\/\/hallite.com\/fr\/hallite-service\/\" \/>\n<meta property=\"og:site_name\" content=\"Hallite\" \/>\n<meta property=\"article:publisher\" content=\"https:\/\/www.facebook.com\/HalliteSealsInternational\" \/>\n<meta property=\"article:modified_time\" content=\"2017-02-23T20:48:03+00:00\" \/>\n<meta property=\"og:image\" content=\"https:\/\/hallite.com\/wp-content\/uploads\/2017\/02\/open-graph.png\" \/>\n\t<meta property=\"og:image:width\" content=\"1200\" \/>\n\t<meta property=\"og:image:height\" content=\"1200\" \/>\n\t<meta property=\"og:image:type\" content=\"image\/png\" \/>\n<meta name=\"twitter:card\" content=\"summary_large_image\" \/>\n<meta name=\"twitter:site\" content=\"@HalliteSeals\" \/>\n<meta name=\"twitter:label1\" content=\"Est. reading time\" \/>\n\t<meta name=\"twitter:data1\" content=\"1 minute\" \/>\n<script type=\"application\/ld+json\" class=\"yoast-schema-graph\">{\"@context\":\"https:\/\/schema.org\",\"@graph\":[{\"@type\":\"WebPage\",\"@id\":\"https:\/\/hallite.com\/fr\/hallite-service\/\",\"url\":\"https:\/\/hallite.com\/fr\/hallite-service\/\",\"name\":\"Custom Seal Manufacturer - Silicone Seal Design - Hallite\",\"isPartOf\":{\"@id\":\"https:\/\/hallite.com\/us\/#website\"},\"datePublished\":\"2016-10-18T12:19:42+00:00\",\"dateModified\":\"2017-02-23T20:48:03+00:00\",\"breadcrumb\":{\"@id\":\"https:\/\/hallite.com\/fr\/hallite-service\/#breadcrumb\"},\"inLanguage\":\"fr-FR\",\"potentialAction\":[{\"@type\":\"ReadAction\",\"target\":[\"https:\/\/hallite.com\/fr\/hallite-service\/\"]}]},{\"@type\":\"BreadcrumbList\",\"@id\":\"https:\/\/hallite.com\/fr\/hallite-service\/#breadcrumb\",\"itemListElement\":[{\"@type\":\"ListItem\",\"position\":1,\"name\":\"Home\",\"item\":\"https:\/\/hallite.com\/fr\/\"},{\"@type\":\"ListItem\",\"position\":2,\"name\":\"Hallite Service&reg;\"}]},{\"@type\":\"WebSite\",\"@id\":\"https:\/\/hallite.com\/us\/#website\",\"url\":\"https:\/\/hallite.com\/us\/\",\"name\":\"Hallite\",\"description\":\"\",\"potentialAction\":[{\"@type\":\"SearchAction\",\"target\":{\"@type\":\"EntryPoint\",\"urlTemplate\":\"https:\/\/hallite.com\/us\/?s={search_term_string}\"},\"query-input\":{\"@type\":\"PropertyValueSpecification\",\"valueRequired\":true,\"valueName\":\"search_term_string\"}}],\"inLanguage\":\"fr-FR\"}]}<\/script>\n<!-- \/ Yoast SEO plugin. -->","yoast_head_json":{"title":"Custom Seal Manufacturer - Silicone Seal Design - Hallite","robots":{"index":"index","follow":"follow","max-snippet":"max-snippet:-1","max-image-preview":"max-image-preview:large","max-video-preview":"max-video-preview:-1"},"canonical":"https:\/\/hallite.com\/fr\/hallite-service\/","og_locale":"fr_FR","og_type":"article","og_title":"Custom Seal Manufacturer - Silicone Seal Design - Hallite","og_description":"Etant un fournisseur important dans le secteur hydraulique, des proced\u00e9s et d&#8217;autres industries, Hallite est fi\u00e8re d&#8217;avoir acquis une r\u00e9putation de r\u00e9ponse rapide et un service adapt\u00e9 aux \u00e9volutions de l&#8217;industrie. En compl\u00e9ment de notre large gamme de produits moul\u00e9s et stock\u00e9s, nous offrons un service de joints usin\u00e9s et dessin\u00e9s gr\u00e2ce \u00e0 notre syst\u00e8me...","og_url":"https:\/\/hallite.com\/fr\/hallite-service\/","og_site_name":"Hallite","article_publisher":"https:\/\/www.facebook.com\/HalliteSealsInternational","article_modified_time":"2017-02-23T20:48:03+00:00","og_image":[{"width":1200,"height":1200,"url":"https:\/\/hallite.com\/wp-content\/uploads\/2017\/02\/open-graph.png","type":"image\/png"}],"twitter_card":"summary_large_image","twitter_site":"@HalliteSeals","twitter_misc":{"Est. reading time":"1 minute"},"schema":{"@context":"https:\/\/schema.org","@graph":[{"@type":"WebPage","@id":"https:\/\/hallite.com\/fr\/hallite-service\/","url":"https:\/\/hallite.com\/fr\/hallite-service\/","name":"Custom Seal Manufacturer - Silicone Seal Design - Hallite","isPartOf":{"@id":"https:\/\/hallite.com\/us\/#website"},"datePublished":"2016-10-18T12:19:42+00:00","dateModified":"2017-02-23T20:48:03+00:00","breadcrumb":{"@id":"https:\/\/hallite.com\/fr\/hallite-service\/#breadcrumb"},"inLanguage":"fr-FR","potentialAction":[{"@type":"ReadAction","target":["https:\/\/hallite.com\/fr\/hallite-service\/"]}]},{"@type":"BreadcrumbList","@id":"https:\/\/hallite.com\/fr\/hallite-service\/#breadcrumb","itemListElement":[{"@type":"ListItem","position":1,"name":"Home","item":"https:\/\/hallite.com\/fr\/"},{"@type":"ListItem","position":2,"name":"Hallite Service&reg;"}]},{"@type":"WebSite","@id":"https:\/\/hallite.com\/us\/#website","url":"https:\/\/hallite.com\/us\/","name":"Hallite","description":"","potentialAction":[{"@type":"SearchAction","target":{"@type":"EntryPoint","urlTemplate":"https:\/\/hallite.com\/us\/?s={search_term_string}"},"query-input":{"@type":"PropertyValueSpecification","valueRequired":true,"valueName":"search_term_string"}}],"inLanguage":"fr-FR"}]}},"_links":{"self":[{"href":"https:\/\/hallite.com\/fr\/wp-json\/wp\/v2\/pages\/5205","targetHints":{"allow":["GET"]}}],"collection":[{"href":"https:\/\/hallite.com\/fr\/wp-json\/wp\/v2\/pages"}],"about":[{"href":"https:\/\/hallite.com\/fr\/wp-json\/wp\/v2\/types\/page"}],"author":[{"embeddable":true,"href":"https:\/\/hallite.com\/fr\/wp-json\/wp\/v2\/users\/2"}],"replies":[{"embeddable":true,"href":"https:\/\/hallite.com\/fr\/wp-json\/wp\/v2\/comments?post=5205"}],"version-history":[{"count":0,"href":"https:\/\/hallite.com\/fr\/wp-json\/wp\/v2\/pages\/5205\/revisions"}],"wp:attachment":[{"href":"https:\/\/hallite.com\/fr\/wp-json\/wp\/v2\/media?parent=5205"}],"curies":[{"name":"wp","href":"https:\/\/api.w.org\/{rel}","templated":true}]}}