{"id":9672,"date":"2018-05-17T12:41:29","date_gmt":"2018-05-17T11:41:29","guid":{"rendered":"https:\/\/hallite.com\/?page_id=9672"},"modified":"2018-05-17T12:47:56","modified_gmt":"2018-05-17T11:47:56","slug":"thank-you-reconfirm-consent","status":"publish","type":"page","link":"https:\/\/hallite.com\/fr\/thank-you-reconfirm-consent\/","title":{"rendered":"Je vous remercie"},"content":{"rendered":"<p>En restant sur notre base de donn\u00e9es, vous serez le premier \u00e0 \u00eatre inform\u00e9 de nos derniers d\u00e9veloppements et de la valeur qu&#8217;ils peuvent apporter \u00e0 votre entreprise.<\/p>\n<p>Vous aurez la possibilit\u00e9 de refuser de recevoir des communications de notre part chaque fois que nous vous contacterons. Vous pouvez \u00e9galement lire notre d\u00e9claration de confidentialit\u00e9 en ligne qui fournit des informations suppl\u00e9mentaires sur la mani\u00e8re dont nous utilisons les donn\u00e9es personnelles.<\/p>\n","protected":false},"excerpt":{"rendered":"<p>En restant sur notre base de donn\u00e9es, vous serez le premier \u00e0 \u00eatre inform\u00e9 de nos derniers d\u00e9veloppements et de la valeur qu&#8217;ils peuvent apporter \u00e0 votre entreprise. Vous aurez la possibilit\u00e9 de refuser de recevoir des communications de notre part chaque fois que nous vous contacterons. Vous pouvez \u00e9galement lire notre d\u00e9claration de confidentialit\u00e9&#8230;<\/p>\n","protected":false},"author":6,"featured_media":0,"parent":0,"menu_order":0,"comment_status":"closed","ping_status":"closed","template":"","meta":{"_acf_changed":false,"content-type":"","footnotes":""},"class_list":["post-9672","page","type-page","status-publish","hentry"],"acf":[],"yoast_head":"<!-- This site is optimized with the Yoast SEO plugin v24.7 - https:\/\/yoast.com\/wordpress\/plugins\/seo\/ -->\n<title>Je vous remercie - Hallite<\/title>\n<meta name=\"robots\" content=\"index, follow, max-snippet:-1, max-image-preview:large, max-video-preview:-1\" \/>\n<link rel=\"canonical\" href=\"https:\/\/hallite.com\/thank-you-reconfirm-consent\/\" \/>\n<meta property=\"og:locale\" content=\"fr_FR\" \/>\n<meta property=\"og:type\" content=\"article\" \/>\n<meta property=\"og:title\" content=\"Je vous remercie - Hallite\" \/>\n<meta property=\"og:description\" content=\"En restant sur notre base de donn\u00e9es, vous serez le premier \u00e0 \u00eatre inform\u00e9 de nos derniers d\u00e9veloppements et de la valeur qu&#8217;ils peuvent apporter \u00e0 votre entreprise. Vous aurez la possibilit\u00e9 de refuser de recevoir des communications de notre part chaque fois que nous vous contacterons. Vous pouvez \u00e9galement lire notre d\u00e9claration de confidentialit\u00e9...\" \/>\n<meta property=\"og:url\" content=\"https:\/\/hallite.com\/thank-you-reconfirm-consent\/\" \/>\n<meta property=\"og:site_name\" content=\"Hallite\" \/>\n<meta property=\"article:publisher\" content=\"https:\/\/www.facebook.com\/HalliteSealsInternational\" \/>\n<meta property=\"article:modified_time\" content=\"2018-05-17T11:47:56+00:00\" \/>\n<meta property=\"og:image\" content=\"https:\/\/hallite.com\/wp-content\/uploads\/2017\/02\/open-graph.png\" \/>\n\t<meta property=\"og:image:width\" content=\"1200\" \/>\n\t<meta property=\"og:image:height\" content=\"1200\" \/>\n\t<meta property=\"og:image:type\" content=\"image\/png\" \/>\n<meta name=\"twitter:card\" content=\"summary_large_image\" \/>\n<meta name=\"twitter:site\" content=\"@HalliteSeals\" \/>\n<script type=\"application\/ld+json\" class=\"yoast-schema-graph\">{\"@context\":\"https:\/\/schema.org\",\"@graph\":[{\"@type\":\"WebPage\",\"@id\":\"https:\/\/hallite.com\/thank-you-reconfirm-consent\/\",\"url\":\"https:\/\/hallite.com\/thank-you-reconfirm-consent\/\",\"name\":\"Je vous remercie - Hallite\",\"isPartOf\":{\"@id\":\"https:\/\/hallite.com\/us\/#website\"},\"datePublished\":\"2018-05-17T11:41:29+00:00\",\"dateModified\":\"2018-05-17T11:47:56+00:00\",\"breadcrumb\":{\"@id\":\"https:\/\/hallite.com\/thank-you-reconfirm-consent\/#breadcrumb\"},\"inLanguage\":\"fr-FR\",\"potentialAction\":[{\"@type\":\"ReadAction\",\"target\":[\"https:\/\/hallite.com\/thank-you-reconfirm-consent\/\"]}]},{\"@type\":\"BreadcrumbList\",\"@id\":\"https:\/\/hallite.com\/thank-you-reconfirm-consent\/#breadcrumb\",\"itemListElement\":[{\"@type\":\"ListItem\",\"position\":1,\"name\":\"Home\",\"item\":\"https:\/\/hallite.com\/fr\/\"},{\"@type\":\"ListItem\",\"position\":2,\"name\":\"Je vous remercie\"}]},{\"@type\":\"WebSite\",\"@id\":\"https:\/\/hallite.com\/us\/#website\",\"url\":\"https:\/\/hallite.com\/us\/\",\"name\":\"Hallite\",\"description\":\"\",\"potentialAction\":[{\"@type\":\"SearchAction\",\"target\":{\"@type\":\"EntryPoint\",\"urlTemplate\":\"https:\/\/hallite.com\/us\/?s={search_term_string}\"},\"query-input\":{\"@type\":\"PropertyValueSpecification\",\"valueRequired\":true,\"valueName\":\"search_term_string\"}}],\"inLanguage\":\"fr-FR\"}]}<\/script>\n<!-- \/ Yoast SEO plugin. -->","yoast_head_json":{"title":"Je vous remercie - Hallite","robots":{"index":"index","follow":"follow","max-snippet":"max-snippet:-1","max-image-preview":"max-image-preview:large","max-video-preview":"max-video-preview:-1"},"canonical":"https:\/\/hallite.com\/thank-you-reconfirm-consent\/","og_locale":"fr_FR","og_type":"article","og_title":"Je vous remercie - Hallite","og_description":"En restant sur notre base de donn\u00e9es, vous serez le premier \u00e0 \u00eatre inform\u00e9 de nos derniers d\u00e9veloppements et de la valeur qu&#8217;ils peuvent apporter \u00e0 votre entreprise. Vous aurez la possibilit\u00e9 de refuser de recevoir des communications de notre part chaque fois que nous vous contacterons. Vous pouvez \u00e9galement lire notre d\u00e9claration de confidentialit\u00e9...","og_url":"https:\/\/hallite.com\/thank-you-reconfirm-consent\/","og_site_name":"Hallite","article_publisher":"https:\/\/www.facebook.com\/HalliteSealsInternational","article_modified_time":"2018-05-17T11:47:56+00:00","og_image":[{"width":1200,"height":1200,"url":"https:\/\/hallite.com\/wp-content\/uploads\/2017\/02\/open-graph.png","type":"image\/png"}],"twitter_card":"summary_large_image","twitter_site":"@HalliteSeals","schema":{"@context":"https:\/\/schema.org","@graph":[{"@type":"WebPage","@id":"https:\/\/hallite.com\/thank-you-reconfirm-consent\/","url":"https:\/\/hallite.com\/thank-you-reconfirm-consent\/","name":"Je vous remercie - Hallite","isPartOf":{"@id":"https:\/\/hallite.com\/us\/#website"},"datePublished":"2018-05-17T11:41:29+00:00","dateModified":"2018-05-17T11:47:56+00:00","breadcrumb":{"@id":"https:\/\/hallite.com\/thank-you-reconfirm-consent\/#breadcrumb"},"inLanguage":"fr-FR","potentialAction":[{"@type":"ReadAction","target":["https:\/\/hallite.com\/thank-you-reconfirm-consent\/"]}]},{"@type":"BreadcrumbList","@id":"https:\/\/hallite.com\/thank-you-reconfirm-consent\/#breadcrumb","itemListElement":[{"@type":"ListItem","position":1,"name":"Home","item":"https:\/\/hallite.com\/fr\/"},{"@type":"ListItem","position":2,"name":"Je vous remercie"}]},{"@type":"WebSite","@id":"https:\/\/hallite.com\/us\/#website","url":"https:\/\/hallite.com\/us\/","name":"Hallite","description":"","potentialAction":[{"@type":"SearchAction","target":{"@type":"EntryPoint","urlTemplate":"https:\/\/hallite.com\/us\/?s={search_term_string}"},"query-input":{"@type":"PropertyValueSpecification","valueRequired":true,"valueName":"search_term_string"}}],"inLanguage":"fr-FR"}]}},"_links":{"self":[{"href":"https:\/\/hallite.com\/fr\/wp-json\/wp\/v2\/pages\/9672","targetHints":{"allow":["GET"]}}],"collection":[{"href":"https:\/\/hallite.com\/fr\/wp-json\/wp\/v2\/pages"}],"about":[{"href":"https:\/\/hallite.com\/fr\/wp-json\/wp\/v2\/types\/page"}],"author":[{"embeddable":true,"href":"https:\/\/hallite.com\/fr\/wp-json\/wp\/v2\/users\/6"}],"replies":[{"embeddable":true,"href":"https:\/\/hallite.com\/fr\/wp-json\/wp\/v2\/comments?post=9672"}],"version-history":[{"count":0,"href":"https:\/\/hallite.com\/fr\/wp-json\/wp\/v2\/pages\/9672\/revisions"}],"wp:attachment":[{"href":"https:\/\/hallite.com\/fr\/wp-json\/wp\/v2\/media?parent=9672"}],"curies":[{"name":"wp","href":"https:\/\/api.w.org\/{rel}","templated":true}]}}